{"id":1291,"date":"2022-12-27T16:44:02","date_gmt":"2022-12-27T15:44:02","guid":{"rendered":"http:\/\/nagibel.com\/?page_id=1291"},"modified":"2022-12-29T10:10:34","modified_gmt":"2022-12-29T09:10:34","slug":"hokushin-itto-ryu","status":"publish","type":"page","link":"http:\/\/nagibel.com\/index.php\/hokushin-itto-ryu\/","title":{"rendered":"Hokushin-Itto Ryu"},"content":{"rendered":"<div class=\"wp-block-image\">\n<figure class=\"alignleft\"><img decoding=\"async\" src=\"https:\/\/web.archive.org\/web\/20181214191625im_\/http:\/\/www.nagibel.be\/uploads\/images\/historique\/hokushin itto ryu.jpg\" alt=\"\"\/><\/figure><\/div>\n\n\n<p>Le Hokushin-Itto Ryu a \u00e9t\u00e9 fond\u00e9e par le c\u00e9l\u00e8bre ma\u00eetre \u00e9p\u00e9iste Chiba Shusaku Narimasa (1794 ~ 1855).<\/p>\n\n\n\n<p>Il est n\u00e9 \u00e0 Mito, pr\u00e9fecture de Chiba. Son p\u00e8re souhaitait qu&#8217;il devienne un samourai et il l&#8217;envoya apprendre l&#8217;art du maniement du sabre chez son grand-p\u00e8re Chibanosuke Tsunetane, fondateur du Hokushin Muso Ryu Kenjutsu.<\/p>\n\n\n\n<p>Il a ensuite \u00e9tudier chez diff\u00e9rents maitres d&#8217;\u00e9cole.<\/p>\n\n\n\n<p>Il fonda sa propre \u00e9cole (1821), et lui donna le nom de Hokushin Itto Ryu et commen\u00e7a \u00e0 voyager avec son fr\u00e8re en d\u00e9fiant les maitres d&#8217;autres \u00e9coles d&#8217;escrime. Ils gagn\u00e8rent vite une r\u00e9putation d&#8217;\u00e9p\u00e9istes redoutables.<\/p>\n\n\n\n<p>Le Hokushin Itto Ryu pratique le kenjutsu, iaijutsu and naginatajutsu. Les armes principales restent n\u00e9anmoins le katana and wakizashi.<\/p>\n\n\n\n<p>L&#8217;une des grandes caract\u00e9ristiques du dojo de Chiba fut son inclusivit\u00e9: ses \u00e9l\u00e8ves pouvaient tout aussi bien \u00eatre des nobles ou des paysans, des hommes tout comme des femmes, chose qui \u00e9tait impensable pour de nombreuses \u00e9coles \u00e0 l&#8217;\u00e9poque.<\/p>\n\n\n\n<p>Il existe plusieurs estampes repr\u00e9sentant Chiba Sanako surnomm\u00e9e &#8220;la belle d\u00e9mone de Chiba&#8221; dont vous pouvez retrouvez la pr\u00e9sentation <a href=\"http:\/\/nagibel.com\/index.php\/chiba-sanako\/?preview_id=1281&amp;preview_nonce=22c1fb9202&amp;preview=true\">ici. <\/a><\/p>\n\n\n\n<figure class=\"wp-block-embed is-type-video is-provider-youtube wp-block-embed-youtube wp-embed-aspect-16-9 wp-has-aspect-ratio\"><div class=\"wp-block-embed__wrapper\">\n<iframe loading=\"lazy\" title=\"\u5317\u8fb0\u4e00\u5200\u6d41\u5175\u6cd5\u3000\u9577\u5200\u8853\u3000\u7a3d\u53e4 | Hokushin Itto Ryu Hyoho Naginatajutsu Keiko\" width=\"530\" height=\"298\" src=\"https:\/\/www.youtube.com\/embed\/AiuShnqyp8s?feature=oembed\" frameborder=\"0\" allow=\"accelerometer; autoplay; clipboard-write; encrypted-media; gyroscope; picture-in-picture\" allowfullscreen><\/iframe>\n<\/div><\/figure>\n\n\n\n<p>Sources: https:\/\/uk.hokushinittoryu.com\/<\/p>\n","protected":false},"excerpt":{"rendered":"<p>Le Hokushin-Itto Ryu a \u00e9t\u00e9 fond\u00e9e par le c\u00e9l\u00e8bre ma\u00eetre \u00e9p\u00e9iste Chiba Shusaku Narimasa (1794 ~ 1855). Il est n\u00e9 \u00e0 Mito, pr\u00e9fecture de Chiba. Son p\u00e8re souhaitait qu&#8217;il devienne un samourai et il l&#8217;envoya apprendre l&#8217;art du maniement du <a class=\"more-link\" href=\"http:\/\/nagibel.com\/index.php\/hokushin-itto-ryu\/\">Continue reading <span class=\"screen-reader-text\">  Hokushin-Itto Ryu<\/span><span class=\"meta-nav\">&rarr;<\/span><\/a><\/p>\n","protected":false},"author":1,"featured_media":0,"parent":0,"menu_order":0,"comment_status":"closed","ping_status":"closed","template":"","meta":[],"_links":{"self":[{"href":"http:\/\/nagibel.com\/index.php\/wp-json\/wp\/v2\/pages\/1291"}],"collection":[{"href":"http:\/\/nagibel.com\/index.php\/wp-json\/wp\/v2\/pages"}],"about":[{"href":"http:\/\/nagibel.com\/index.php\/wp-json\/wp\/v2\/types\/page"}],"author":[{"embeddable":true,"href":"http:\/\/nagibel.com\/index.php\/wp-json\/wp\/v2\/users\/1"}],"replies":[{"embeddable":true,"href":"http:\/\/nagibel.com\/index.php\/wp-json\/wp\/v2\/comments?post=1291"}],"version-history":[{"count":5,"href":"http:\/\/nagibel.com\/index.php\/wp-json\/wp\/v2\/pages\/1291\/revisions"}],"predecessor-version":[{"id":1387,"href":"http:\/\/nagibel.com\/index.php\/wp-json\/wp\/v2\/pages\/1291\/revisions\/1387"}],"wp:attachment":[{"href":"http:\/\/nagibel.com\/index.php\/wp-json\/wp\/v2\/media?parent=1291"}],"curies":[{"name":"wp","href":"https:\/\/api.w.org\/{rel}","templated":true}]}}