{"id":1281,"date":"2022-12-27T00:25:37","date_gmt":"2022-12-26T23:25:37","guid":{"rendered":"http:\/\/nagibel.com\/?page_id=1281"},"modified":"2022-12-27T16:45:51","modified_gmt":"2022-12-27T15:45:51","slug":"chiba-sanako","status":"publish","type":"page","link":"http:\/\/nagibel.com\/index.php\/chiba-sanako\/","title":{"rendered":"Chiba Sanako"},"content":{"rendered":"\n<figure class=\"wp-block-image size-large\"><img decoding=\"async\" src=\"https:\/\/livedoor.blogimg.jp\/misemono\/imgs\/e\/b\/eb724f24.jpg\" alt=\"\"\/><figcaption class=\"wp-element-caption\">Chiba Gekikenkai by Tsukioka Yoshitoshi<\/figcaption><\/figure>\n\n\n\n<p>Sanako (1838 -1896) est la fille de Sadakichi, un maitre d&#8217;Hokushin Itt\u014d ry\u016b. Sa famille poss\u00e9dait un dojo qui avait la caract\u00e9ristique d&#8217;\u00eatre ouvert \u00e0 tous, peu importe leur statut social, le rendant tr\u00e8s populaire. <\/p>\n\n\n\n<p>Rapidement, Sanako devint professeur de kenjutsu et de naginata. On dit qu&#8217;elle remportait absolument tout ses combats d&#8217;o\u00f9 son surnom \u00ab&nbsp;La belle d\u00e9mone des Chiba&nbsp;\u00bb.<\/p>\n\n\n<div class=\"wp-block-image\">\n<figure class=\"alignright size-full is-resized\"><img decoding=\"async\" loading=\"lazy\" src=\"http:\/\/nagibel.com\/wp-content\/uploads\/2022\/12\/image.png\" alt=\"\" class=\"wp-image-1286\" width=\"199\" height=\"299\" srcset=\"http:\/\/nagibel.com\/wp-content\/uploads\/2022\/12\/image.png 564w, http:\/\/nagibel.com\/wp-content\/uploads\/2022\/12\/image-200x300.png 200w\" sizes=\"(max-width: 199px) 100vw, 199px\" \/><\/figure><\/div>\n\n\n<p>En 1853, Sanako rencontre le futur politicien Sakamoto Ry\u014dma (1836-1867) qui travailla \u00e0 faire rentrer le Japon dans la communaut\u00e9 internationale.<\/p>\n\n\n\n<p>Bien qu&#8217;ils furent assur\u00e9ment fianc\u00e9, il n&#8217;est pas clair si ceux-ci se mari\u00e8rent (Sanako assurait qu&#8217;ils avaient \u00e9t\u00e9 mari\u00e9 bien qu&#8217;ils aient pass\u00e9 de nombreuses ann\u00e9es s\u00e9par\u00e9 et que Ryoma finisse par se marier \u00e0 une autre femme).<\/p>\n\n\n\n<p><\/p>\n\n\n\n<p><\/p>\n\n\n\n<p>En 1871, le p\u00e8re de Sanako prit sa retraite. Avec d&#8217;autres membres de sa famille, Sanako ouvrit le championnat &#8220;Chiba Gekikenkai&#8221;, ce qui rendit leur \u00e9cole tr\u00e8s populaire. N\u00e9anmoins, la politique de succession de l&#8217;\u00e9cole Hokushin Itt\u014d ry\u016b se complique et Sanako finit par quitter sa r\u00e9gion natale, d&#8217;abord pour se marier bri\u00e8vement en 1874 \u00e0 Yamaguchi Kikujir\u014d, puis, apr\u00e8s la restauration de Meiji, comme employ\u00e9e \u00e0 l\u2019universit\u00e9 Gakushuin. Elle finira sa carri\u00e8re en pratiquant la moxibustion, une branche de l&#8217;acuponcture. <\/p>\n","protected":false},"excerpt":{"rendered":"<p>Sanako (1838 -1896) est la fille de Sadakichi, un maitre d&#8217;Hokushin Itt\u014d ry\u016b. Sa famille poss\u00e9dait un dojo qui avait la caract\u00e9ristique d&#8217;\u00eatre ouvert \u00e0 tous, peu importe leur statut social, le rendant tr\u00e8s populaire. Rapidement, Sanako devint professeur de <a class=\"more-link\" href=\"http:\/\/nagibel.com\/index.php\/chiba-sanako\/\">Continue reading <span class=\"screen-reader-text\">  Chiba Sanako<\/span><span class=\"meta-nav\">&rarr;<\/span><\/a><\/p>\n","protected":false},"author":1,"featured_media":0,"parent":0,"menu_order":0,"comment_status":"closed","ping_status":"closed","template":"","meta":[],"_links":{"self":[{"href":"http:\/\/nagibel.com\/index.php\/wp-json\/wp\/v2\/pages\/1281"}],"collection":[{"href":"http:\/\/nagibel.com\/index.php\/wp-json\/wp\/v2\/pages"}],"about":[{"href":"http:\/\/nagibel.com\/index.php\/wp-json\/wp\/v2\/types\/page"}],"author":[{"embeddable":true,"href":"http:\/\/nagibel.com\/index.php\/wp-json\/wp\/v2\/users\/1"}],"replies":[{"embeddable":true,"href":"http:\/\/nagibel.com\/index.php\/wp-json\/wp\/v2\/comments?post=1281"}],"version-history":[{"count":9,"href":"http:\/\/nagibel.com\/index.php\/wp-json\/wp\/v2\/pages\/1281\/revisions"}],"predecessor-version":[{"id":1351,"href":"http:\/\/nagibel.com\/index.php\/wp-json\/wp\/v2\/pages\/1281\/revisions\/1351"}],"wp:attachment":[{"href":"http:\/\/nagibel.com\/index.php\/wp-json\/wp\/v2\/media?parent=1281"}],"curies":[{"name":"wp","href":"https:\/\/api.w.org\/{rel}","templated":true}]}}