{"id":1269,"date":"2022-12-26T22:57:50","date_gmt":"2022-12-26T21:57:50","guid":{"rendered":"http:\/\/nagibel.com\/?page_id=1269"},"modified":"2022-12-26T23:01:10","modified_gmt":"2022-12-26T22:01:10","slug":"hangaku-gozen","status":"publish","type":"page","link":"http:\/\/nagibel.com\/index.php\/hangaku-gozen\/","title":{"rendered":"<em>Hangaku Gozen<\/em>"},"content":{"rendered":"<div class=\"wp-block-image\">\n<figure class=\"alignright is-resized\"><img decoding=\"async\" loading=\"lazy\" src=\"https:\/\/web.archive.org\/web\/20181214191619im_\/http:\/\/www.nagibel.be\/uploads\/images\/historique\/hangaku_gozen_by_yoshitoshi.jpg\" alt=\"\" width=\"234\" height=\"336\"\/><\/figure><\/div>\n\n\n<p>Hangaku J\u00f4, aussi connue sous le nom d&#8217;Itagaki, \u00e9tait la fille cadette de Jo Sukekuni, un alli\u00e9 des Taira.<\/p>\n\n\n\n<p>N\u00e9e dans la province d&#8217;Echigo, elle maniait l&#8217;arc et la naginata.<\/p>\n\n\n\n<p>Sa famille perdit la plupart de sa puissance durant la guerre des Genpei (o\u00f9 les Taira perdirent contre les Minamoto).<\/p>\n\n\n\n<p>En 1201, lors de la tentative de renversement du Shogunat, on dit qu&#8217;elle dirigea une arm\u00e9e de 3000 hommes contre le clan Hojo qui en comptait 10 000!<\/p>\n\n\n\n<p>Bless\u00e9e \u00e0 la jambe par une fl\u00e8che, Hangaku est captur\u00e9e et son arm\u00e9e mise en d\u00e9route.<\/p>\n\n\n\n<p>Amen\u00e9e \u00e0 Kamakura pour y \u00eatre ex\u00e9cut\u00e9e elle rencontre Asari Yoshit\u00f4 qui demanda la permission au Shogun Minamoto no Yoriie de l&#8217;\u00e9pouser, chose qu&#8217;il accepta.<\/p>\n\n\n\n<p>Ils partirent vivre dans le Kai et eurent une fille.<\/p>\n\n\n\n<p>Le Azuma Kagami, texte m\u00e9di\u00e9val japonais relatant les \u00e9v\u00e8nements entre 1180 et 1266, la pr\u00e9sente comme forte et belle.<\/p>\n\n\n\n<p>Utagawa Kuniyoshi, l&#8217;un des derniers grands ma\u00eetres de l&#8217;estampe sur bois, l&#8217;inclua dans ses travaux sur les femmes guerri\u00e8res.<\/p>\n","protected":false},"excerpt":{"rendered":"<p>Hangaku J\u00f4, aussi connue sous le nom d&#8217;Itagaki, \u00e9tait la fille cadette de Jo Sukekuni, un alli\u00e9 des Taira. N\u00e9e dans la province d&#8217;Echigo, elle maniait l&#8217;arc et la naginata. Sa famille perdit la plupart de sa puissance durant la <a class=\"more-link\" href=\"http:\/\/nagibel.com\/index.php\/hangaku-gozen\/\">Continue reading <span class=\"screen-reader-text\">  <em>Hangaku Gozen<\/em><\/span><span class=\"meta-nav\">&rarr;<\/span><\/a><\/p>\n","protected":false},"author":1,"featured_media":0,"parent":0,"menu_order":0,"comment_status":"closed","ping_status":"closed","template":"","meta":[],"_links":{"self":[{"href":"http:\/\/nagibel.com\/index.php\/wp-json\/wp\/v2\/pages\/1269"}],"collection":[{"href":"http:\/\/nagibel.com\/index.php\/wp-json\/wp\/v2\/pages"}],"about":[{"href":"http:\/\/nagibel.com\/index.php\/wp-json\/wp\/v2\/types\/page"}],"author":[{"embeddable":true,"href":"http:\/\/nagibel.com\/index.php\/wp-json\/wp\/v2\/users\/1"}],"replies":[{"embeddable":true,"href":"http:\/\/nagibel.com\/index.php\/wp-json\/wp\/v2\/comments?post=1269"}],"version-history":[{"count":3,"href":"http:\/\/nagibel.com\/index.php\/wp-json\/wp\/v2\/pages\/1269\/revisions"}],"predecessor-version":[{"id":1272,"href":"http:\/\/nagibel.com\/index.php\/wp-json\/wp\/v2\/pages\/1269\/revisions\/1272"}],"wp:attachment":[{"href":"http:\/\/nagibel.com\/index.php\/wp-json\/wp\/v2\/media?parent=1269"}],"curies":[{"name":"wp","href":"https:\/\/api.w.org\/{rel}","templated":true}]}}