{"id":1245,"date":"2022-12-26T17:25:41","date_gmt":"2022-12-26T16:25:41","guid":{"rendered":"http:\/\/nagibel.com\/?page_id=1245"},"modified":"2022-12-26T18:08:48","modified_gmt":"2022-12-26T17:08:48","slug":"1245-2","status":"publish","type":"page","link":"http:\/\/nagibel.com\/index.php\/1245-2\/","title":{"rendered":"Les moines guerriers"},"content":{"rendered":"\n<p>Le 23 juin 1180, la guerre de Gempei d\u00e9bute officiellement avec la bataille d&#8217;Uji. <\/p>\n\n\n\n<p>Cette guerre civile oppose le clan des Taira et celui des Minamoto.<\/p>\n\n\n\n<p>Le prince du clan Minamoto tente de s&#8217;enfuir vers Nara en compagnie du samourai et po\u00e8te Yorimasa Minamoto et des moines guerriers du Mii-dera.<br><\/p>\n\n\n<div class=\"wp-block-image\">\n<figure class=\"alignleft\"><img decoding=\"async\" src=\"https:\/\/web.archive.org\/web\/20181215064952im_\/http:\/\/www.nagibel.be\/uploads\/images\/historique\/sohei.jpg\" alt=\"\"\/><\/figure><\/div>\n\n\n<p>Le Heike (recueil de tradition orale consid\u00e9r\u00e9 comme l&#8217;un des grands classiques de la litt\u00e9rature japonaise m\u00e9di\u00e9vale. Ce recueil n&#8217;est n\u00e9anmoins absolument pas impartial) retient en particulier 3 noms:<\/p>\n\n\n\n<p>Ichirai Hoshi, Gochin no Tajima et Tsutsui Jomyo Meishu.<\/p>\n\n\n\n<p>Tous trois, accompagn\u00e9s d&#8217;autres moines du Mii-dera, ont combattu avec des arcs et fl\u00e8ches, diverses \u00e9p\u00e9es et dagues, et des naginata.<\/p>\n\n\n\n<p>Ils travers\u00e8rent la rivi\u00e8re Uji juste au sud du temple bouddiste By\u014dd\u014d-in, et d\u00e9truisirent le pont derri\u00e8re eux pour emp\u00eacher les Taira de les suivre. Cependant, les forces du clan Taira travers\u00e8rent la rivi\u00e8re \u00e0 gu\u00e9 et engag\u00e8rent les moines, qui furent forc\u00e9s de se retrancher dans le By\u014dd\u014d-in.<\/p>\n\n\n\n<p>D&#8217;apr\u00e8s le Heike, Gochin no Tajima \u00e9tait si vif qu&#8217;il coupait les fl\u00e8ches lanc\u00e9es par l&#8217;ennemis \u00e0 l&#8217;aide de sa naginata, ce qui lui valu le surnom de &#8220;Tajima le coupeur de fl\u00e8ches&#8221;. Et il fallu plus de 63 fl\u00e8ches pour venir \u00e0 bout de Tsutsui Jomyo Meishu qui se battit \u00e0 l&#8217;arc, puis avec sa naginata et pour finir avec un tachi (sabre) et un tanto (poignard).<\/p>\n\n\n<div class=\"wp-block-image\">\n<figure class=\"alignright size-large is-resized\"><img decoding=\"async\" loading=\"lazy\" src=\"https:\/\/aggv.ca\/emuseum\/internal\/media\/dispatcher\/9900\/preview;jsessionid=DE271A03A2B0D6B418877641F888362D\" alt=\"\" width=\"310\" height=\"344\"\/><figcaption class=\"wp-element-caption\">&#8220;Yorimasa Minamoto about to Commit Seppuku&#8221; par Utagawa Kuniyoshi (1798 &#8211; 1861)<\/figcaption><\/figure><\/div>\n\n\n<p>Yorimasa essaya d&#8217;aider le prince Mochihito \u00e0 fuir, mais il fut bless\u00e9 par une fl\u00e8che. Voulant \u00e9viter d&#8217;\u00eatre captur\u00e9 par l&#8217;ennemis, il se fit seppuku dans la salle du Ph\u00e9nix : il \u00e9crivit un po\u00e8me au dos de son \u00e9tendard, avant de prendre son poignard et de s&#8217;ouvrir l&#8217;abdomen.<\/p>\n\n\n\n<p>C&#8217;est l&#8217;un des premier seppuku connu, et celui qui a codifi\u00e9 la proc\u00e9dure pour les suivants.<\/p>\n\n\n\n<p>Le prince Mochihito parvint \u00e0 s&#8217;enfuir en direction de Nara, mais fut tu\u00e9 quelques jours apr\u00e8s par les guerriers Taira. <\/p>\n","protected":false},"excerpt":{"rendered":"<p>Le 23 juin 1180, la guerre de Gempei d\u00e9bute officiellement avec la bataille d&#8217;Uji. Cette guerre civile oppose le clan des Taira et celui des Minamoto. Le prince du clan Minamoto tente de s&#8217;enfuir vers Nara en compagnie du samourai <a class=\"more-link\" href=\"http:\/\/nagibel.com\/index.php\/1245-2\/\">Continue reading <span class=\"screen-reader-text\">  Les moines guerriers<\/span><span class=\"meta-nav\">&rarr;<\/span><\/a><\/p>\n","protected":false},"author":1,"featured_media":0,"parent":0,"menu_order":0,"comment_status":"closed","ping_status":"closed","template":"","meta":[],"_links":{"self":[{"href":"http:\/\/nagibel.com\/index.php\/wp-json\/wp\/v2\/pages\/1245"}],"collection":[{"href":"http:\/\/nagibel.com\/index.php\/wp-json\/wp\/v2\/pages"}],"about":[{"href":"http:\/\/nagibel.com\/index.php\/wp-json\/wp\/v2\/types\/page"}],"author":[{"embeddable":true,"href":"http:\/\/nagibel.com\/index.php\/wp-json\/wp\/v2\/users\/1"}],"replies":[{"embeddable":true,"href":"http:\/\/nagibel.com\/index.php\/wp-json\/wp\/v2\/comments?post=1245"}],"version-history":[{"count":8,"href":"http:\/\/nagibel.com\/index.php\/wp-json\/wp\/v2\/pages\/1245\/revisions"}],"predecessor-version":[{"id":1261,"href":"http:\/\/nagibel.com\/index.php\/wp-json\/wp\/v2\/pages\/1245\/revisions\/1261"}],"wp:attachment":[{"href":"http:\/\/nagibel.com\/index.php\/wp-json\/wp\/v2\/media?parent=1245"}],"curies":[{"name":"wp","href":"https:\/\/api.w.org\/{rel}","templated":true}]}}