{"id":1225,"date":"2022-09-12T10:08:18","date_gmt":"2022-09-12T08:08:18","guid":{"rendered":"http:\/\/nagibel.com\/?page_id=1225"},"modified":"2022-09-12T10:08:19","modified_gmt":"2022-09-12T08:08:19","slug":"vivacite-2022","status":"publish","type":"page","link":"http:\/\/nagibel.com\/index.php\/vivacite-2022\/","title":{"rendered":"Vivacit\u00e9 (2022)"},"content":{"rendered":"\n<p>A la veille des championnats d&#8217;Europe, David d&#8217;Hose \u00e9tait invit\u00e9 par la radio \u00e0 pr\u00e9senter le naginata.<\/p>\n\n\n\n<figure class=\"wp-block-audio\"><audio controls src=\"http:\/\/nagibel.com\/wp-content\/uploads\/2022\/09\/Voix-001.m4a\"><\/audio><\/figure>\n","protected":false},"excerpt":{"rendered":"<p>A la veille des championnats d&#8217;Europe, David d&#8217;Hose \u00e9tait invit\u00e9 par la radio \u00e0 pr\u00e9senter le naginata.<\/p>\n","protected":false},"author":1,"featured_media":0,"parent":0,"menu_order":0,"comment_status":"closed","ping_status":"closed","template":"","meta":[],"_links":{"self":[{"href":"http:\/\/nagibel.com\/index.php\/wp-json\/wp\/v2\/pages\/1225"}],"collection":[{"href":"http:\/\/nagibel.com\/index.php\/wp-json\/wp\/v2\/pages"}],"about":[{"href":"http:\/\/nagibel.com\/index.php\/wp-json\/wp\/v2\/types\/page"}],"author":[{"embeddable":true,"href":"http:\/\/nagibel.com\/index.php\/wp-json\/wp\/v2\/users\/1"}],"replies":[{"embeddable":true,"href":"http:\/\/nagibel.com\/index.php\/wp-json\/wp\/v2\/comments?post=1225"}],"version-history":[{"count":1,"href":"http:\/\/nagibel.com\/index.php\/wp-json\/wp\/v2\/pages\/1225\/revisions"}],"predecessor-version":[{"id":1227,"href":"http:\/\/nagibel.com\/index.php\/wp-json\/wp\/v2\/pages\/1225\/revisions\/1227"}],"wp:attachment":[{"href":"http:\/\/nagibel.com\/index.php\/wp-json\/wp\/v2\/media?parent=1225"}],"curies":[{"name":"wp","href":"https:\/\/api.w.org\/{rel}","templated":true}]}}