{"id":1217,"date":"2022-09-12T09:24:24","date_gmt":"2022-09-12T07:24:24","guid":{"rendered":"http:\/\/nagibel.com\/?page_id=1217"},"modified":"2022-09-13T18:07:37","modified_gmt":"2022-09-13T16:07:37","slug":"enc-2022","status":"publish","type":"page","link":"http:\/\/nagibel.com\/index.php\/enc-2022\/","title":{"rendered":"ENC (2022)"},"content":{"rendered":"\n<figure class=\"wp-block-image size-large\"><img decoding=\"async\" loading=\"lazy\" width=\"1024\" height=\"316\" src=\"http:\/\/nagibel.com\/wp-content\/uploads\/2022\/09\/ENC2022-1024x316.jpg\" alt=\"\" class=\"wp-image-1218\" srcset=\"http:\/\/nagibel.com\/wp-content\/uploads\/2022\/09\/ENC2022-1024x316.jpg 1024w, http:\/\/nagibel.com\/wp-content\/uploads\/2022\/09\/ENC2022-300x92.jpg 300w, http:\/\/nagibel.com\/wp-content\/uploads\/2022\/09\/ENC2022-768x237.jpg 768w, http:\/\/nagibel.com\/wp-content\/uploads\/2022\/09\/ENC2022-1536x473.jpg 1536w, http:\/\/nagibel.com\/wp-content\/uploads\/2022\/09\/ENC2022.jpg 1824w\" sizes=\"(max-width: 1024px) 100vw, 1024px\" \/><\/figure>\n\n\n\n<p class=\"has-text-align-center\">ENGI:<\/p>\n\n\n\n<ul><li>1\u00e8re place: Alissia Cerchia et Emanuele Giberna (Italie)<\/li><li>2\u00e8me place: Carole Veyrunes et Adeline Gvero (France)<\/li><li>3\u00e8me place: Lo\u00efc Vargoz et Benoit Lauren\u00e7on (France)<\/li><\/ul>\n\n\n\n<p class=\"has-text-align-center\">INDIVIDUAL MEN:<\/p>\n\n\n\n<div class=\"is-layout-flow wp-block-group\"><div class=\"wp-block-group__inner-container\">\n<ul><li>1\u00e8re place: Tyl Dermine (Belgique)<\/li><li>2\u00e8me place: Lo\u00efc Delalande (France)<\/li><li>3\u00e8me place: Fran\u00e7ois Dermine (Belgique)<\/li><li>Fighting spirit: Guillaume Dufeil (France)<\/li><\/ul>\n<\/div><\/div>\n\n\n\n<p class=\"has-text-align-center\">INDIVIDUAL WOMEN<\/p>\n\n\n\n<ul><li>1\u00e8re place: Charlotte Vandersleyen (Belgique)<\/li><li>2\u00e8me place: Laurence Dumonceau (Belgique)<\/li><li>3\u00e8me place: Adeline Gvero (France)<\/li><li>Fighting spirit: Aleksandra Kivisalu (Estonie)<\/li><\/ul>\n\n\n\n<p class=\"has-text-align-center\">TEAM MEN:<\/p>\n\n\n\n<div class=\"is-layout-flow wp-block-group\"><div class=\"wp-block-group__inner-container\">\n<ul><li>1\u00e8re place: Belgique (T. Vanderckeckhoven, T. Dermine, F. Dermine)<\/li><li>2\u00e8me place: France (G. Dufeil, B. Lauren\u00e7on, L. Delalande)<\/li><li>3\u00e8me place: Allemagne (J. Parrino, I. Kuzminski, A. Nicol)<\/li><\/ul>\n<\/div><\/div>\n\n\n\n<p class=\"has-text-align-center\">TEAM WOMEN<\/p>\n\n\n\n<ul><li>1\u00e8re place: France (F. Hamot, A. Gervo, C. Veyrunes)<\/li><li>2\u00e8me place: Belgique (Y. Vanneste, L. Dumonceau, C. Vandersleyen)<\/li><li>3\u00e8me place: Italie (S. Susca, A. Fontana, A. Cerchia)<\/li><\/ul>\n\n\n\n<p class=\"has-text-align-center\">GOODWILL KYU<\/p>\n\n\n\n<ul><li>1\u00e8re place: Jeremy Chevaux (Belgique)<\/li><li>2\u00e8me place: Ingo Poder (Estonie)<\/li><li>3\u00e8me place: Samantha Fijen (Pays bas)<br><\/li><\/ul>\n\n\n\n<p class=\"has-text-align-center\">GOODWILL DAN<\/p>\n\n\n\n<ul><li>1\u00e8re place: Dylan Vellut (Belgique)<\/li><li>2\u00e8me place: Manuel Azzolin (Belgique)<\/li><li>3\u00e8me place: Eduardo Brito (Portugal)<\/li><\/ul>\n\n\n\n<p class=\"has-text-align-center\"><br>GOODWILL KATA<\/p>\n\n\n\n<ul><li>1\u00e8re place: Lo\u00efc Delalande et Carole Veyrunes (France)<\/li><li>2\u00e8me place: Yolanda Vanneste et David d&#8217;Hose (Belgique)<\/li><li>3\u00e8me place: Tyl Dermine et Fran\u00e7ois Dermine (Belgique)<\/li><\/ul>\n","protected":false},"excerpt":{"rendered":"<p>ENGI: 1\u00e8re place: Alissia Cerchia et Emanuele Giberna (Italie) 2\u00e8me place: Carole Veyrunes et Adeline Gvero (France) 3\u00e8me place: Lo\u00efc Vargoz et Benoit Lauren\u00e7on (France) INDIVIDUAL MEN: 1\u00e8re place: Tyl Dermine (Belgique) 2\u00e8me place: Lo\u00efc Delalande (France) 3\u00e8me place: Fran\u00e7ois <a class=\"more-link\" href=\"http:\/\/nagibel.com\/index.php\/enc-2022\/\">Continue reading <span class=\"screen-reader-text\">  ENC (2022)<\/span><span class=\"meta-nav\">&rarr;<\/span><\/a><\/p>\n","protected":false},"author":1,"featured_media":0,"parent":0,"menu_order":0,"comment_status":"closed","ping_status":"closed","template":"","meta":[],"_links":{"self":[{"href":"http:\/\/nagibel.com\/index.php\/wp-json\/wp\/v2\/pages\/1217"}],"collection":[{"href":"http:\/\/nagibel.com\/index.php\/wp-json\/wp\/v2\/pages"}],"about":[{"href":"http:\/\/nagibel.com\/index.php\/wp-json\/wp\/v2\/types\/page"}],"author":[{"embeddable":true,"href":"http:\/\/nagibel.com\/index.php\/wp-json\/wp\/v2\/users\/1"}],"replies":[{"embeddable":true,"href":"http:\/\/nagibel.com\/index.php\/wp-json\/wp\/v2\/comments?post=1217"}],"version-history":[{"count":7,"href":"http:\/\/nagibel.com\/index.php\/wp-json\/wp\/v2\/pages\/1217\/revisions"}],"predecessor-version":[{"id":1236,"href":"http:\/\/nagibel.com\/index.php\/wp-json\/wp\/v2\/pages\/1217\/revisions\/1236"}],"wp:attachment":[{"href":"http:\/\/nagibel.com\/index.php\/wp-json\/wp\/v2\/media?parent=1217"}],"curies":[{"name":"wp","href":"https:\/\/api.w.org\/{rel}","templated":true}]}}