{"id":1206,"date":"2022-07-31T09:37:35","date_gmt":"2022-07-31T07:37:35","guid":{"rendered":"http:\/\/nagibel.com\/?page_id=1206"},"modified":"2022-07-31T09:38:52","modified_gmt":"2022-07-31T07:38:52","slug":"newslettre-enf","status":"publish","type":"page","link":"http:\/\/nagibel.com\/index.php\/newslettre-enf\/","title":{"rendered":"Newslettre ENF"},"content":{"rendered":"\n<p>Chaque mois, la f\u00e9d\u00e9ration europ\u00e9enne de Naginata publie des articles sur les diff\u00e9rents \u00e9v\u00e8nements qui ont lieu dans le monde du naginata, des trucs et astuces, des retours d&#8217;exp\u00e9riences, souvenirs et sentiments.<\/p>\n\n\n\n<p>Cela nous permet \u00e9videmment de nous tenir au courant des stages et championnats qui ont lieu, mais aussi d&#8217;apprendre \u00e0 nous connaitre et rester en contact. <\/p>\n\n\n\n<p>La f\u00e9d\u00e9ration belge publie r\u00e9guli\u00e8rement des articles que vous pouvez retrouver ici. <\/p>\n\n\n\n<figure class=\"wp-block-image\"><img decoding=\"async\" src=\"https:\/\/naginata-federation.eu\/wp-content\/uploads\/2019\/03\/logo_ENF03-1.jpg\" alt=\"https:\/\/naginata-federation.eu\/wp-content\/uploads\/2019\/03\/logo_ENF03-1.jpg\"\/><figcaption>https:\/\/naginata-federation.eu\/<\/figcaption><\/figure>\n","protected":false},"excerpt":{"rendered":"<p>Chaque mois, la f\u00e9d\u00e9ration europ\u00e9enne de Naginata publie des articles sur les diff\u00e9rents \u00e9v\u00e8nements qui ont lieu dans le monde du naginata, des trucs et astuces, des retours d&#8217;exp\u00e9riences, souvenirs et sentiments. Cela nous permet \u00e9videmment de nous tenir au <a class=\"more-link\" href=\"http:\/\/nagibel.com\/index.php\/newslettre-enf\/\">Continue reading <span class=\"screen-reader-text\">  Newslettre ENF<\/span><span class=\"meta-nav\">&rarr;<\/span><\/a><\/p>\n","protected":false},"author":1,"featured_media":0,"parent":0,"menu_order":0,"comment_status":"closed","ping_status":"closed","template":"","meta":[],"_links":{"self":[{"href":"http:\/\/nagibel.com\/index.php\/wp-json\/wp\/v2\/pages\/1206"}],"collection":[{"href":"http:\/\/nagibel.com\/index.php\/wp-json\/wp\/v2\/pages"}],"about":[{"href":"http:\/\/nagibel.com\/index.php\/wp-json\/wp\/v2\/types\/page"}],"author":[{"embeddable":true,"href":"http:\/\/nagibel.com\/index.php\/wp-json\/wp\/v2\/users\/1"}],"replies":[{"embeddable":true,"href":"http:\/\/nagibel.com\/index.php\/wp-json\/wp\/v2\/comments?post=1206"}],"version-history":[{"count":3,"href":"http:\/\/nagibel.com\/index.php\/wp-json\/wp\/v2\/pages\/1206\/revisions"}],"predecessor-version":[{"id":1209,"href":"http:\/\/nagibel.com\/index.php\/wp-json\/wp\/v2\/pages\/1206\/revisions\/1209"}],"wp:attachment":[{"href":"http:\/\/nagibel.com\/index.php\/wp-json\/wp\/v2\/media?parent=1206"}],"curies":[{"name":"wp","href":"https:\/\/api.w.org\/{rel}","templated":true}]}}