{"id":1204,"date":"2022-07-31T09:34:12","date_gmt":"2022-07-31T07:34:12","guid":{"rendered":"http:\/\/nagibel.com\/?page_id=1204"},"modified":"2022-07-31T09:34:12","modified_gmt":"2022-07-31T07:34:12","slug":"newslettre-juillet-2022","status":"publish","type":"page","link":"http:\/\/nagibel.com\/index.php\/newslettre-juillet-2022\/","title":{"rendered":"Newslettre juillet 2022"},"content":{"rendered":"\n<p>De nouveaux articles ont \u00e9t\u00e9 \u00e9crit par nos membres pour la newslettre europ\u00e9enne. <\/p>\n\n\n\n<p>-> Un article sur le ressentit de Jessica et Stefano sur leur 1er championnat (\u00e0 retrouver en fran\u00e7ais <a href=\"http:\/\/nagibel.com\/index.php\/comme-si-vous-y-etiez-2022\/\">Ici<\/a>) <a rel=\"noreferrer noopener\" href=\"https:\/\/naginata-federation.eu\/belgian-championship-2\/?fbclid=IwAR2BzKGTareHKz8tA67ZejbfyLwRYpgFsMlL8G1BpewIB3jiRL3QhlKfA-A\" target=\"_blank\">https:\/\/naginata-federation.eu\/belgian-championship-2\/<\/a><\/p>\n\n\n\n<p>-> Un article sur les voyages et les rencontres au Portugal <a rel=\"noreferrer noopener\" href=\"https:\/\/naginata-federation.eu\/trip-to-portugal\/?fbclid=IwAR2VjmhuKyge2SPdSG-qnyLVgbIpaBhAvhtuDsmEDb-GRSahsK6QYjtVVMc\" target=\"_blank\">https:\/\/naginata-federation.eu\/trip-to-portugal\/<\/a><\/p>\n","protected":false},"excerpt":{"rendered":"<p>De nouveaux articles ont \u00e9t\u00e9 \u00e9crit par nos membres pour la newslettre europ\u00e9enne. -> Un article sur le ressentit de Jessica et Stefano sur leur 1er championnat (\u00e0 retrouver en fran\u00e7ais Ici) https:\/\/naginata-federation.eu\/belgian-championship-2\/ -> Un article sur les voyages et <a class=\"more-link\" href=\"http:\/\/nagibel.com\/index.php\/newslettre-juillet-2022\/\">Continue reading <span class=\"screen-reader-text\">  Newslettre juillet 2022<\/span><span class=\"meta-nav\">&rarr;<\/span><\/a><\/p>\n","protected":false},"author":1,"featured_media":0,"parent":0,"menu_order":0,"comment_status":"closed","ping_status":"closed","template":"","meta":[],"_links":{"self":[{"href":"http:\/\/nagibel.com\/index.php\/wp-json\/wp\/v2\/pages\/1204"}],"collection":[{"href":"http:\/\/nagibel.com\/index.php\/wp-json\/wp\/v2\/pages"}],"about":[{"href":"http:\/\/nagibel.com\/index.php\/wp-json\/wp\/v2\/types\/page"}],"author":[{"embeddable":true,"href":"http:\/\/nagibel.com\/index.php\/wp-json\/wp\/v2\/users\/1"}],"replies":[{"embeddable":true,"href":"http:\/\/nagibel.com\/index.php\/wp-json\/wp\/v2\/comments?post=1204"}],"version-history":[{"count":1,"href":"http:\/\/nagibel.com\/index.php\/wp-json\/wp\/v2\/pages\/1204\/revisions"}],"predecessor-version":[{"id":1205,"href":"http:\/\/nagibel.com\/index.php\/wp-json\/wp\/v2\/pages\/1204\/revisions\/1205"}],"wp:attachment":[{"href":"http:\/\/nagibel.com\/index.php\/wp-json\/wp\/v2\/media?parent=1204"}],"curies":[{"name":"wp","href":"https:\/\/api.w.org\/{rel}","templated":true}]}}