{"id":1190,"date":"2022-07-13T15:29:46","date_gmt":"2022-07-13T13:29:46","guid":{"rendered":"http:\/\/nagibel.com\/?page_id=1190"},"modified":"2022-07-13T15:31:14","modified_gmt":"2022-07-13T13:31:14","slug":"championnat-de-belgique-2022","status":"publish","type":"page","link":"http:\/\/nagibel.com\/index.php\/championnat-de-belgique-2022\/","title":{"rendered":"Championnat de Belgique (2022)"},"content":{"rendered":"\n<figure class=\"wp-block-image size-large\"><img decoding=\"async\" loading=\"lazy\" width=\"960\" height=\"556\" src=\"http:\/\/nagibel.com\/wp-content\/uploads\/2022\/07\/ch-2022.jpg\" alt=\"\" class=\"wp-image-1193\" srcset=\"http:\/\/nagibel.com\/wp-content\/uploads\/2022\/07\/ch-2022.jpg 960w, http:\/\/nagibel.com\/wp-content\/uploads\/2022\/07\/ch-2022-300x174.jpg 300w, http:\/\/nagibel.com\/wp-content\/uploads\/2022\/07\/ch-2022-768x445.jpg 768w\" sizes=\"(max-width: 960px) 100vw, 960px\" \/><\/figure>\n\n\n\n<p>Engi:<\/p>\n\n\n\n<ul><li>1\u00e8re place: Dylan et Guilaume<\/li><li>2\u00e8me place: Thomas et Manu<\/li><li>3\u00e8me place: Yolanda et St\u00e9fano<\/li><\/ul>\n\n\n\n<figure class=\"wp-block-image size-large is-resized\"><img decoding=\"async\" loading=\"lazy\" src=\"http:\/\/nagibel.com\/wp-content\/uploads\/2022\/07\/engi2022.jpg\" alt=\"\" class=\"wp-image-1194\" width=\"335\" height=\"221\" srcset=\"http:\/\/nagibel.com\/wp-content\/uploads\/2022\/07\/engi2022.jpg 1024w, http:\/\/nagibel.com\/wp-content\/uploads\/2022\/07\/engi2022-300x198.jpg 300w, http:\/\/nagibel.com\/wp-content\/uploads\/2022\/07\/engi2022-768x508.jpg 768w\" sizes=\"(max-width: 335px) 100vw, 335px\" \/><\/figure>\n\n\n\n<p>Shiai:<\/p>\n\n\n\n<ul><li>1\u00e8re place: Tyl Dermine<\/li><li>2\u00e8me place: Fran\u00e7ois Dermine<\/li><li>3\u00e8me place: Thomas Vandenkerckhoven<\/li><\/ul>\n\n\n\n<figure class=\"wp-block-image\"><img decoding=\"async\" src=\"http:\/\/nagibel.com\/wp-content\/uploads\/2022\/07\/bel2022-226x300.jpg\" alt=\"\"\/><\/figure>\n","protected":false},"excerpt":{"rendered":"<p>Engi: 1\u00e8re place: Dylan et Guilaume 2\u00e8me place: Thomas et Manu 3\u00e8me place: Yolanda et St\u00e9fano Shiai: 1\u00e8re place: Tyl Dermine 2\u00e8me place: Fran\u00e7ois Dermine 3\u00e8me place: Thomas Vandenkerckhoven<\/p>\n","protected":false},"author":1,"featured_media":0,"parent":0,"menu_order":0,"comment_status":"closed","ping_status":"closed","template":"","meta":[],"_links":{"self":[{"href":"http:\/\/nagibel.com\/index.php\/wp-json\/wp\/v2\/pages\/1190"}],"collection":[{"href":"http:\/\/nagibel.com\/index.php\/wp-json\/wp\/v2\/pages"}],"about":[{"href":"http:\/\/nagibel.com\/index.php\/wp-json\/wp\/v2\/types\/page"}],"author":[{"embeddable":true,"href":"http:\/\/nagibel.com\/index.php\/wp-json\/wp\/v2\/users\/1"}],"replies":[{"embeddable":true,"href":"http:\/\/nagibel.com\/index.php\/wp-json\/wp\/v2\/comments?post=1190"}],"version-history":[{"count":4,"href":"http:\/\/nagibel.com\/index.php\/wp-json\/wp\/v2\/pages\/1190\/revisions"}],"predecessor-version":[{"id":1197,"href":"http:\/\/nagibel.com\/index.php\/wp-json\/wp\/v2\/pages\/1190\/revisions\/1197"}],"wp:attachment":[{"href":"http:\/\/nagibel.com\/index.php\/wp-json\/wp\/v2\/media?parent=1190"}],"curies":[{"name":"wp","href":"https:\/\/api.w.org\/{rel}","templated":true}]}}