{"id":1144,"date":"2021-06-06T18:47:14","date_gmt":"2021-06-06T16:47:14","guid":{"rendered":"http:\/\/nagibel.com\/?page_id=1144"},"modified":"2021-06-06T18:50:44","modified_gmt":"2021-06-06T16:50:44","slug":"yamakawa-futaba","status":"publish","type":"page","link":"http:\/\/nagibel.com\/index.php\/yamakawa-futaba\/","title":{"rendered":"Yamakawa Futaba"},"content":{"rendered":"\n<div class=\"wp-block-image\"><figure class=\"alignleft\"><img decoding=\"async\" src=\"https:\/\/upload.wikimedia.org\/wikipedia\/commons\/thumb\/f\/fa\/Yamakawa_Futaba.jpg\/180px-Yamakawa_Futaba.jpg\" alt=\"\"\/><\/figure><\/div>\n\n\n\n<p>Yamakawa Futaba est n\u00e9e le 30 septembre 1844 et d\u00e9c\u00e9d\u00e9e \u00e0 l&#8217;\u00e2ge de 65 ans le 14 novembre 1909.<\/p>\n\n\n\n<p>Elle participe \u00e0 la d\u00e9fense du ch\u00e2teau d&#8217;Aizu puis devient enseignante dans une \u00e9cole pour femmes et f\u00e9ministe militante. <\/p>\n\n\n","protected":false},"excerpt":{"rendered":"<p>Yamakawa Futaba est n\u00e9e le 30 septembre 1844 et d\u00e9c\u00e9d\u00e9e \u00e0 l&#8217;\u00e2ge de 65 ans le 14 novembre 1909. Elle participe \u00e0 la d\u00e9fense du ch\u00e2teau d&#8217;Aizu puis devient enseignante dans une \u00e9cole pour femmes et f\u00e9ministe militante.<\/p>\n","protected":false},"author":1,"featured_media":0,"parent":0,"menu_order":0,"comment_status":"closed","ping_status":"closed","template":"","meta":[],"_links":{"self":[{"href":"http:\/\/nagibel.com\/index.php\/wp-json\/wp\/v2\/pages\/1144"}],"collection":[{"href":"http:\/\/nagibel.com\/index.php\/wp-json\/wp\/v2\/pages"}],"about":[{"href":"http:\/\/nagibel.com\/index.php\/wp-json\/wp\/v2\/types\/page"}],"author":[{"embeddable":true,"href":"http:\/\/nagibel.com\/index.php\/wp-json\/wp\/v2\/users\/1"}],"replies":[{"embeddable":true,"href":"http:\/\/nagibel.com\/index.php\/wp-json\/wp\/v2\/comments?post=1144"}],"version-history":[{"count":1,"href":"http:\/\/nagibel.com\/index.php\/wp-json\/wp\/v2\/pages\/1144\/revisions"}],"predecessor-version":[{"id":1145,"href":"http:\/\/nagibel.com\/index.php\/wp-json\/wp\/v2\/pages\/1144\/revisions\/1145"}],"wp:attachment":[{"href":"http:\/\/nagibel.com\/index.php\/wp-json\/wp\/v2\/media?parent=1144"}],"curies":[{"name":"wp","href":"https:\/\/api.w.org\/{rel}","templated":true}]}}