{"id":1141,"date":"2021-06-06T18:36:31","date_gmt":"2021-06-06T16:36:31","guid":{"rendered":"http:\/\/nagibel.com\/?page_id=1141"},"modified":"2021-06-06T18:39:55","modified_gmt":"2021-06-06T16:39:55","slug":"yamamoto-yaeko","status":"publish","type":"page","link":"http:\/\/nagibel.com\/index.php\/yamamoto-yaeko\/","title":{"rendered":"Yamamoto Yaeko"},"content":{"rendered":"\n<div class=\"wp-block-image\"><figure class=\"alignleft\"><img decoding=\"async\" src=\"https:\/\/upload.wikimedia.org\/wikipedia\/commons\/thumb\/e\/e4\/Niijima_Yae.jpg\/210px-Niijima_Yae.jpg\" alt=\"Niijima Yae.jpg\"\/><\/figure><\/div>\n\n\n\n<p>Yamamoto Yaeko (1\/12\/1845-14\/06\/1932) \u00e9tait la fille de Yamamoto Gonpachi, l&#8217;un des instructeurs de tirs du domaine d&#8217;Aizu. Elle-m\u00eame fut r\u00e9put\u00e9e pour sa ma\u00eetrise du mousquet et prit part \u00e0 la d\u00e9fense du ch\u00e2teau d&#8217;Aizu durant la guerre de Boshin.<\/p>\n\n\n\n<p>Apr\u00e8s la chute du ch\u00e2teau et la fin de la guerre, elle alla vivre \u00e0 Kyoto o\u00f9 elle s&#8217;occupa de son fr\u00e8re Yamamoto Kakuma qui avait \u00e9t\u00e9 fait prisonnier lors de la r\u00e9volte de Satsuma. Elle y travaille comme maitre de c\u00e9r\u00e9monie de th\u00e9. <\/p>\n\n\n\n<p><\/p>\n\n\n\n<p>C&#8217;est \u00e0 Kyoto qu&#8217;elle rencontre Joseph Hardy Neesima, un japonais ayant fait ses \u00e9tudes au USA ayant \u00e9t\u00e9 convertit au Christinanisme et ayant des id\u00e9es tr\u00e8s ouverte pour l&#8217;\u00e9poque sur la place des femmes dans la soci\u00e9t\u00e9.<\/p>\n\n\n\n<p>Elle devint chr\u00e9tienne en 1870 et se maria au r\u00e9v\u00e9rend Joseph Hardy Neesima le 3 janvier 1876.<\/p>\n\n\n\n<div class=\"wp-block-image\"><figure class=\"alignright\"><img decoding=\"async\" src=\"https:\/\/web.archive.org\/web\/20181214191836im_\/http:\/\/www.nagibel.be\/uploads\/images\/historique\/220px-YamamotoYaewithmissionary.jpg\" alt=\"\"\/><\/figure><\/div>\n\n\n\n<p>Ensemble, avec l&#8217;aide de Kakuma, ils fond\u00e8rent l&#8217;universit\u00e9 de Doshisha o\u00f9 Yamamoto Yaeko avait un r\u00f4le actif.<\/p>\n\n\n\n<p>Durant la guerre sino-japonaise, elle devint infirmi\u00e8re. Elle sera par la suite instructrice dans des \u00e9coles d&#8217;infirmi\u00e8res, puis redeviendra infirmi\u00e8re volontaire durant la guerre Russo-japonaise.<\/p>\n\n\n\n<p>Yamamoto Yaelo est devenue la premi\u00e8re femme n&#8217;appartenant pas \u00e0 la famille imp\u00e9riale japonaise \u00e0 \u00eatre d\u00e9cor\u00e9e \u00e0 multiple reprise pour son service au pays.<\/p>\n\n\n","protected":false},"excerpt":{"rendered":"<p>Yamamoto Yaeko (1\/12\/1845-14\/06\/1932) \u00e9tait la fille de Yamamoto Gonpachi, l&#8217;un des instructeurs de tirs du domaine d&#8217;Aizu. Elle-m\u00eame fut r\u00e9put\u00e9e pour sa ma\u00eetrise du mousquet et prit part \u00e0 la d\u00e9fense du ch\u00e2teau d&#8217;Aizu durant la guerre de Boshin. Apr\u00e8s <a class=\"more-link\" href=\"http:\/\/nagibel.com\/index.php\/yamamoto-yaeko\/\">Continue reading <span class=\"screen-reader-text\">  Yamamoto Yaeko<\/span><span class=\"meta-nav\">&rarr;<\/span><\/a><\/p>\n","protected":false},"author":1,"featured_media":0,"parent":0,"menu_order":0,"comment_status":"closed","ping_status":"closed","template":"","meta":[],"_links":{"self":[{"href":"http:\/\/nagibel.com\/index.php\/wp-json\/wp\/v2\/pages\/1141"}],"collection":[{"href":"http:\/\/nagibel.com\/index.php\/wp-json\/wp\/v2\/pages"}],"about":[{"href":"http:\/\/nagibel.com\/index.php\/wp-json\/wp\/v2\/types\/page"}],"author":[{"embeddable":true,"href":"http:\/\/nagibel.com\/index.php\/wp-json\/wp\/v2\/users\/1"}],"replies":[{"embeddable":true,"href":"http:\/\/nagibel.com\/index.php\/wp-json\/wp\/v2\/comments?post=1141"}],"version-history":[{"count":2,"href":"http:\/\/nagibel.com\/index.php\/wp-json\/wp\/v2\/pages\/1141\/revisions"}],"predecessor-version":[{"id":1143,"href":"http:\/\/nagibel.com\/index.php\/wp-json\/wp\/v2\/pages\/1141\/revisions\/1143"}],"wp:attachment":[{"href":"http:\/\/nagibel.com\/index.php\/wp-json\/wp\/v2\/media?parent=1141"}],"curies":[{"name":"wp","href":"https:\/\/api.w.org\/{rel}","templated":true}]}}