{"id":1139,"date":"2021-06-06T18:08:47","date_gmt":"2021-06-06T16:08:47","guid":{"rendered":"http:\/\/nagibel.com\/?page_id=1139"},"modified":"2022-12-26T17:16:33","modified_gmt":"2022-12-26T16:16:33","slug":"teru-matsudaira","status":"publish","type":"page","link":"http:\/\/nagibel.com\/index.php\/teru-matsudaira\/","title":{"rendered":"Teru Matsudaira"},"content":{"rendered":"<div class=\"wp-block-image\">\n<figure class=\"alignleft\"><img decoding=\"async\" src=\"https:\/\/web.archive.org\/web\/20181214190126im_\/http:\/\/www.nagibel.be\/uploads\/images\/historique\/WBTeruHiime.jpg\" alt=\"\"\/><\/figure><\/div>\n\n\n<p>Teru Matsudaira (13\/12\/1832 \u2013 28\/2\/1884) est aussi connue sous le nom de Teruhime (&#8220;la princesse Teru&#8221;) et elle porta de mani\u00e8re posthume le nom bouddhique de &#8220;Shokei-in&#8221;.<\/p>\n\n\n\n<p>Elle fut adopt\u00e9e par Matsudaira Katataka qui n&#8217;avait pas encore eut d&#8217;enfants dans le but de devenir l&#8217;\u00e9pouse de l&#8217;h\u00e9ritier du clan Aizu, qu&#8217;elle n&#8217;\u00e9pousa pourtant pas. Teru \u00e9pousa \u00e0 la place Okudaira Masamoto mais divor\u00e7a pour des raisons inconnues en 1854.<\/p>\n\n\n\n<p>En 1868, Teru est une nonne bouddiste r\u00e9fugi\u00e9e \u00e0 Aizu. Elle fera n\u00e9anmoins vite partie des combattantes du ch\u00e2teau, aidant pour les repas, la confection des balles et des canons, soignant les bless\u00e9s et emp\u00eachant le feu de se r\u00e9pandre lorsque les ennemis tiraient sur le ch\u00e2teau.<\/p>\n\n\n\n<p>Comme Nakano Takeko, elle apprit le naginata avec Akaoka Daisuke.<\/p>\n\n\n\n<p>Lorsque le ch\u00e2teau se rendit apr\u00e8s un si\u00e8ge d&#8217;un mois, Teru fut plac\u00e9e en r\u00e9sidence surveill\u00e9e dans le temple Myokokuji.<\/p>\n\n\n\n<p>Elle fut d&#8217;abord \u00e9t\u00e9 enterr\u00e9 dans le temple Jokakuji \u00e0 Tokyo, mais repose d\u00e9sormais dans le caveau familial Matsudaira dans le cimeti\u00e8re de la famille Matsudaira \u00e0 Aizu.<\/p>\n\n\n\n<p>Teru est \u00e9galement connue pour sa po\u00e9sie.<\/p>\n\n\n","protected":false},"excerpt":{"rendered":"<p>Teru Matsudaira (13\/12\/1832 \u2013 28\/2\/1884) est aussi connue sous le nom de Teruhime (&#8220;la princesse Teru&#8221;) et elle porta de mani\u00e8re posthume le nom bouddhique de &#8220;Shokei-in&#8221;. Elle fut adopt\u00e9e par Matsudaira Katataka qui n&#8217;avait pas encore eut d&#8217;enfants dans <a class=\"more-link\" href=\"http:\/\/nagibel.com\/index.php\/teru-matsudaira\/\">Continue reading <span class=\"screen-reader-text\">  Teru Matsudaira<\/span><span class=\"meta-nav\">&rarr;<\/span><\/a><\/p>\n","protected":false},"author":1,"featured_media":0,"parent":0,"menu_order":0,"comment_status":"closed","ping_status":"closed","template":"","meta":[],"_links":{"self":[{"href":"http:\/\/nagibel.com\/index.php\/wp-json\/wp\/v2\/pages\/1139"}],"collection":[{"href":"http:\/\/nagibel.com\/index.php\/wp-json\/wp\/v2\/pages"}],"about":[{"href":"http:\/\/nagibel.com\/index.php\/wp-json\/wp\/v2\/types\/page"}],"author":[{"embeddable":true,"href":"http:\/\/nagibel.com\/index.php\/wp-json\/wp\/v2\/users\/1"}],"replies":[{"embeddable":true,"href":"http:\/\/nagibel.com\/index.php\/wp-json\/wp\/v2\/comments?post=1139"}],"version-history":[{"count":2,"href":"http:\/\/nagibel.com\/index.php\/wp-json\/wp\/v2\/pages\/1139\/revisions"}],"predecessor-version":[{"id":1244,"href":"http:\/\/nagibel.com\/index.php\/wp-json\/wp\/v2\/pages\/1139\/revisions\/1244"}],"wp:attachment":[{"href":"http:\/\/nagibel.com\/index.php\/wp-json\/wp\/v2\/media?parent=1139"}],"curies":[{"name":"wp","href":"https:\/\/api.w.org\/{rel}","templated":true}]}}