{"id":1135,"date":"2021-06-06T17:59:51","date_gmt":"2021-06-06T15:59:51","guid":{"rendered":"http:\/\/nagibel.com\/?page_id=1135"},"modified":"2021-06-06T17:59:51","modified_gmt":"2021-06-06T15:59:51","slug":"nakano-takeko","status":"publish","type":"page","link":"http:\/\/nagibel.com\/index.php\/nakano-takeko\/","title":{"rendered":"Nakano Takeko"},"content":{"rendered":"\n<div class=\"wp-block-image\"><figure class=\"alignleft\"><img decoding=\"async\" src=\"https:\/\/idata.over-blog.com\/1\/39\/13\/57\/Articles\/Nakano-Takeko.jpg\" alt=\"\"\/><\/figure><\/div>\n\n\n\n<p><strong>Nakano Takeko<\/strong>\u00a0(<strong>\u4e2d\u91ce<\/strong>\u00a0<strong>\u7af9\u5b50, 1847 \u2013 1868) est <\/strong>une guerri\u00e8re du clan Aizu qui lutta pendant la guerre de Boshin. N\u00e9e \u00e0 Edo, elle \u00e9tait la fille d\u2019un officiel du clan Aizu. Akaoka Daisuke, son professeur, l\u2019entra\u00eena aux arts martiaux et \u00e0 la litt\u00e9rature, puis l\u2019adopta. <\/p>\n\n\n\n<p>Nakano Takeko travailla comme instructrice d\u2019arts martiaux (principalement de naginata-jutsu) dans les ann\u00e9es 1860, avec son p\u00e8re adoptif, puis entra directement sous les ordres du clan Aizu en 1868. <\/p>\n\n\n\n<p>Pendant la bataille contre le ch\u00e2teau d\u2019Aizu, elle commanda un groupe de femmes guerri\u00e8res, toutes arm\u00e9es de naginata. Ces femmes n\u2019avaient pas re\u00e7u l\u2019autorisation de participer \u00e0 la bataille, alors elles se battirent de mani\u00e8re autonome. Ce n\u2019est que plus tardivement que ce groupe fut baptis\u00e9 \u00ab\u00a0l\u2019Arm\u00e9e des femmes\u00a0\u00bb.<\/p>\n\n\n\n<p>Alors qu\u2019elle chargeait les troupes imp\u00e9riales dans le domaine d\u2019\u00d4gaki, Nakano Takeko prit une balle dans la poitrine. Plut\u00f4t que de servir de troph\u00e9e \u00e0 l\u2019ennemi, elle demanda \u00e0 sa s\u0153ur Y\u00fbko de lui trancher la t\u00eate. Celle-ci serait enterr\u00e9e au temple Hokaiji, o\u00f9 l&#8217;on retrouve un monument honorant son courage. <\/p>\n\n\n\n<figure class=\"wp-block-image\"><img decoding=\"async\" src=\"https:\/\/img-cdn.brainberries.co\/wp-content\/uploads\/2019\/12\/Nakano-Takeko.jpg\" alt=\"Nakano Takeko | 6 Fiercest Female Warriors in History | Brain Berries\" class=\"wp-image-56441\"\/><\/figure>\n\n\n\n\n\n<p><\/p>\n","protected":false},"excerpt":{"rendered":"<p>Nakano Takeko\u00a0(\u4e2d\u91ce\u00a0\u7af9\u5b50, 1847 \u2013 1868) est une guerri\u00e8re du clan Aizu qui lutta pendant la guerre de Boshin. N\u00e9e \u00e0 Edo, elle \u00e9tait la fille d\u2019un officiel du clan Aizu. Akaoka Daisuke, son professeur, l\u2019entra\u00eena aux arts martiaux et \u00e0 <a class=\"more-link\" href=\"http:\/\/nagibel.com\/index.php\/nakano-takeko\/\">Continue reading <span class=\"screen-reader-text\">  Nakano Takeko<\/span><span class=\"meta-nav\">&rarr;<\/span><\/a><\/p>\n","protected":false},"author":1,"featured_media":0,"parent":0,"menu_order":0,"comment_status":"closed","ping_status":"closed","template":"","meta":[],"_links":{"self":[{"href":"http:\/\/nagibel.com\/index.php\/wp-json\/wp\/v2\/pages\/1135"}],"collection":[{"href":"http:\/\/nagibel.com\/index.php\/wp-json\/wp\/v2\/pages"}],"about":[{"href":"http:\/\/nagibel.com\/index.php\/wp-json\/wp\/v2\/types\/page"}],"author":[{"embeddable":true,"href":"http:\/\/nagibel.com\/index.php\/wp-json\/wp\/v2\/users\/1"}],"replies":[{"embeddable":true,"href":"http:\/\/nagibel.com\/index.php\/wp-json\/wp\/v2\/comments?post=1135"}],"version-history":[{"count":1,"href":"http:\/\/nagibel.com\/index.php\/wp-json\/wp\/v2\/pages\/1135\/revisions"}],"predecessor-version":[{"id":1136,"href":"http:\/\/nagibel.com\/index.php\/wp-json\/wp\/v2\/pages\/1135\/revisions\/1136"}],"wp:attachment":[{"href":"http:\/\/nagibel.com\/index.php\/wp-json\/wp\/v2\/media?parent=1135"}],"curies":[{"name":"wp","href":"https:\/\/api.w.org\/{rel}","templated":true}]}}