{"id":1131,"date":"2021-06-06T17:35:23","date_gmt":"2021-06-06T15:35:23","guid":{"rendered":"http:\/\/nagibel.com\/?page_id=1131"},"modified":"2021-06-06T17:35:24","modified_gmt":"2021-06-06T15:35:24","slug":"benkei","status":"publish","type":"page","link":"http:\/\/nagibel.com\/index.php\/benkei\/","title":{"rendered":"Benkei"},"content":{"rendered":"\n<div class=\"wp-block-image\"><figure class=\"alignleft is-resized\"><img decoding=\"async\" loading=\"lazy\" src=\"https:\/\/web.archive.org\/web\/20181214191534im_\/http:\/\/www.nagibel.be\/uploads\/images\/historique\/img_dossier_13_2.jpg\" alt=\"\" width=\"153\" height=\"222\"\/><\/figure><\/div>\n\n\n\n<p>On retrouve dans la mythologie japonaise le nom du c\u00e9l\u00e8bre g\u00e9ant Benkei, compagnon ins\u00e9parable de Yoshitsune, qui naquit dans la province de Kii. <\/p>\n\n\n\n<p>Benkei fut d\u00e9crit comme un guerrier f\u00e9roce d\u2019une force impressionnante. Son arme de pr\u00e9dilection \u00e9tait la naginata. La l\u00e9gende dit que c\u2019\u00e9tait un grand homme de plus de deux m\u00e8tres (ce qui est inconcevable pour les Japonais de l\u2019\u00e9poque). Certains r\u00e9cits pr\u00e9tendent qu\u2019il pouvait utiliser le Houriki, sorte de discipline bouddhiste de magie miraculeuse que les pr\u00eatres invoquaient.<\/p>\n\n\n\n<p>Fils d&#8217;un bonze du temple de Kumano\u2026 ou peut-\u00eatre encore d&#8217;un Tengu car la l\u00e9gende affirme que sa m\u00e8re le porta pendant trois ans et lorsque l&#8217;enfant vint au monde, il avait toutes ses dents ainsi qu&#8217;une longue chevelure&nbsp;!<\/p>\n\n\n\n<div class=\"wp-block-image\"><figure class=\"alignleft is-resized\"><img decoding=\"async\" loading=\"lazy\" src=\"https:\/\/web.archive.org\/web\/20181214191534im_\/http:\/\/www.nagibel.be\/uploads\/images\/historique\/benkei33.jpg\" alt=\"\" width=\"166\" height=\"184\"\/><\/figure><\/div>\n\n\n\n<p>Il fut confi\u00e9 au temple d&#8217;Enryaku-ji o\u00f9 il re\u00e7ut le surnom d&#8217;Oniwara-Maru,&nbsp; \u00ab&nbsp;jeune d\u00e9mon&nbsp;\u00bb.<\/p>\n\n\n\n<p>Lorsqu&#8217;il devint bonze, il prit le nom de Masashi-bo. Il demeura toutefois un \u00e9trange bonze&nbsp;: avec ses huit pieds de haut, on lui pr\u00eatait la force de plusieurs dizaines d&#8217;hommes. On comprendra tr\u00e8s rapidement que sa nature ne convenait pas \u00e0 la vie de bonze, il pr\u00e9f\u00e9ra quitter le temple et se retirer en solitaire afin de vivre en ermitage.<\/p>\n\n\n\n<p>La derni\u00e8re occupation que connu Benkei avant de rencontrer Yoshitsune \u00e9tait de collectionner les sabres de ceux qui traversaient le pont de Goto&nbsp;! Il aurait fait le v\u0153u de d\u00e9lester un millier de passants de leurs sabres afin de reconstruire un temple; ce qui est s\u00fbr, c&#8217;est qu&#8217;il revendait les katana.<\/p>\n\n\n\n<div class=\"wp-block-image\"><figure class=\"alignright\"><img decoding=\"async\" src=\"https:\/\/web.archive.org\/web\/20181214191534im_\/http:\/\/www.nagibel.be\/uploads\/images\/historique\/benkei02.jpg\" alt=\"\"\/><\/figure><\/div>\n\n\n\n<p>La l\u00e9gende rapporte qu&#8217;il comptait ce soir-l\u00e0 999 katana \u00e0 son actif, mais qu&#8217;il n&#8217;eut jamais son milli\u00e8me. Lorsque celui ci-se pr\u00e9senta sur le pont Benkei lui dit&nbsp;:&nbsp;\u00bbTu es ma 1000eme victime&nbsp;!!!&nbsp;\u00bb et l\u2019attaqua, mais Yoshitsune \u00e9tait tellement habile que Benkei ne put l\u2019atteindre.&nbsp;<\/p>\n\n\n\n<p>Finalement, Yoshitsune vainquit Benkei. Sa premi\u00e8re d\u00e9faite.<\/p>\n\n\n\n<p>Par la suite il devint le meilleur ami de Yoshitsune et son plus fid\u00e8le compagnon. Il aida Yoshitsune dans divers conflits, gr\u00e2ce a son adresse au combat et son exp\u00e9rience en tant que Yamabushi.<\/p>\n\n\n\n<p>La l\u00e9gende dit qu\u2019il suivit Yoshitsune lorsqu\u2019il \u00e9tait traqu\u00e9 par l\u2019arm\u00e9e de Yoritomo, et fut tu\u00e9 par 100 fl\u00e8ches.<\/p>\n\n\n\n<div class=\"wp-block-image\"><figure class=\"aligncenter is-resized\"><img decoding=\"async\" loading=\"lazy\" src=\"https:\/\/web.archive.org\/web\/20181214191534im_\/http:\/\/www.nagibel.be\/uploads\/images\/historique\/benkei1.jpg\" alt=\"\" width=\"305\" height=\"409\"\/><\/figure><\/div>\n\n\n\n\n\n<p><\/p>\n","protected":false},"excerpt":{"rendered":"<p>On retrouve dans la mythologie japonaise le nom du c\u00e9l\u00e8bre g\u00e9ant Benkei, compagnon ins\u00e9parable de Yoshitsune, qui naquit dans la province de Kii. Benkei fut d\u00e9crit comme un guerrier f\u00e9roce d\u2019une force impressionnante. Son arme de pr\u00e9dilection \u00e9tait la naginata. <a class=\"more-link\" href=\"http:\/\/nagibel.com\/index.php\/benkei\/\">Continue reading <span class=\"screen-reader-text\">  Benkei<\/span><span class=\"meta-nav\">&rarr;<\/span><\/a><\/p>\n","protected":false},"author":1,"featured_media":0,"parent":0,"menu_order":0,"comment_status":"closed","ping_status":"closed","template":"","meta":[],"_links":{"self":[{"href":"http:\/\/nagibel.com\/index.php\/wp-json\/wp\/v2\/pages\/1131"}],"collection":[{"href":"http:\/\/nagibel.com\/index.php\/wp-json\/wp\/v2\/pages"}],"about":[{"href":"http:\/\/nagibel.com\/index.php\/wp-json\/wp\/v2\/types\/page"}],"author":[{"embeddable":true,"href":"http:\/\/nagibel.com\/index.php\/wp-json\/wp\/v2\/users\/1"}],"replies":[{"embeddable":true,"href":"http:\/\/nagibel.com\/index.php\/wp-json\/wp\/v2\/comments?post=1131"}],"version-history":[{"count":1,"href":"http:\/\/nagibel.com\/index.php\/wp-json\/wp\/v2\/pages\/1131\/revisions"}],"predecessor-version":[{"id":1132,"href":"http:\/\/nagibel.com\/index.php\/wp-json\/wp\/v2\/pages\/1131\/revisions\/1132"}],"wp:attachment":[{"href":"http:\/\/nagibel.com\/index.php\/wp-json\/wp\/v2\/media?parent=1131"}],"curies":[{"name":"wp","href":"https:\/\/api.w.org\/{rel}","templated":true}]}}