{"id":1128,"date":"2021-06-06T17:24:41","date_gmt":"2021-06-06T15:24:41","guid":{"rendered":"http:\/\/nagibel.com\/?page_id=1128"},"modified":"2021-06-06T17:29:33","modified_gmt":"2021-06-06T15:29:33","slug":"tomoe-gozen-2","status":"publish","type":"page","link":"http:\/\/nagibel.com\/index.php\/tomoe-gozen-2\/","title":{"rendered":"Tomoe Gozen"},"content":{"rendered":"\n<p>Tomoe Gozen (1161?-1184 ou 1247?) est l&#8217;une des rares femmes samoura\u00ef de toute l&#8217;histoire du Japon. Tout comme Benkei, sa vie a \u00e9t\u00e9 \u00e0 tel point utilis\u00e9e et distordue dans les l\u00e9gendes populaires qu&#8217;il est aujourd&#8217;hui impossible de distinguer la v\u00e9rit\u00e9 de la l\u00e9gende.<\/p>\n\n\n\n<div class=\"wp-block-image\"><figure class=\"alignright is-resized\"><img decoding=\"async\" loading=\"lazy\" src=\"https:\/\/web.archive.org\/web\/20181214191821im_\/http:\/\/www.nagibel.be\/uploads\/images\/historique\/504px-Tomoe_Gozen.jpg\" alt=\"\" width=\"196\" height=\"233\"\/><\/figure><\/div>\n\n\n\n<p>Tomoe combattit aupr\u00e8s de son mari (ou amant, selon les sources) Minamoto no Yoshinaka au cours de la guerre de Gempei, et ses exploits sont relat\u00e9s dans le grand roman guerrier concernant cette guerre, le Heike Monogatari.<\/p>\n\n\n\n<p><em>&#8220;Tomoe \u00e9tait tr\u00e8s belle, avec sa peau blanche et ses longs cheveux. elle \u00e9tait un archer remarquable, et comme femme d&#8217;arme elle valait un millier de guerriers, pr\u00eate \u00e0 affronter un d\u00e9mon ou un dieu \u00e0 pied ou \u00e0 cheval. Elle \u00e9tait une cavali\u00e8re hors pair. Lorsqu&#8217;un combat \u00e9tait imminent, Yoshinaka l&#8217;envoyait comme premier capitaine, \u00e9quip\u00e9e d&#8217;une impressionnante armure, d&#8217;un arc et une \u00e9p\u00e9e disproportionn\u00e9e. Elle accompli plus d&#8217;actions de valeur que n&#8217;importe quel de ses autres guerriers&#8221;<\/em> (Le conte du Heike, MC Cullough, p. 291)<\/p>\n\n\n\n<p>Si beaucoup de femmes de l&#8217;\u00e9poque savaient manier la naginata, Tomoe \u00e9tait r\u00e9put\u00e9e \u00eatre un samoura\u00ef de haut niveau, dou\u00e9e pour l&#8217;\u00e9quitation, le tir \u00e0 l&#8217;arc et le kenjutsu. On dit d&#8217;elle qu&#8217;elle \u00e9tait sans peur et tr\u00e8s dou\u00e9e dans la bataille. Tr\u00e8s respect\u00e9e par les hommes, elle \u00e9tait l&#8217;un des principaux capitaines de Yoshinaka durant la guerre, et mena ses troupes au combat.<\/p>\n\n\n\n<div class=\"wp-block-image\"><figure class=\"alignleft is-resized\"><img decoding=\"async\" loading=\"lazy\" src=\"https:\/\/web.archive.org\/web\/20181214191821im_\/http:\/\/www.nagibel.be\/uploads\/images\/historique\/tomoe21.jpg\" alt=\"\" width=\"209\" height=\"209\"\/><\/figure><\/div>\n\n\n\n<p>Apr\u00e8s avoir repouss\u00e9 les Taira dans les provinces de l&#8217;ouest, Yoshinaka prit Ky\u014dto et commen\u00e7a \u00e0 intriguer pour prendre le contr\u00f4le du clan Minamoto, allant m\u00eame jusqu&#8217;\u00e0 kidnapper l&#8217;ex-empereur Go-Shirakawa. Le chef du clan, son cousin Minamoto no Yoritomo, envoya alors ses troupes contre le rebelle, sous le commandement de ses fr\u00e8res Yoshitsune et Minamoto no Noriyori.<\/p>\n\n\n\n<p>La confrontation finale eut lieu le 21 f\u00e9vrier \u00e0 la bataille d&#8217;Awazu. Les troupes de Yoshinaka combattirent bravement, mais furent largement d\u00e9pass\u00e9es par le nombre. Quand Yoshinaka vit sa fin arriver, n&#8217;ayant plus que quelques soldats debout, il dit \u00e0 Tomoe Gozen de fuir au lieu de se faire tuer par Yoritomo.<\/p>\n\n\n\n<p>Ce qui advint ensuite de Tomoe n&#8217;est pas clair. Une version dit qu&#8217;elle resta et mourut \u00e0 ses c\u00f4t\u00e9s. D&#8217;autres qu&#8217;elle a \u00e9t\u00e9 vue fuyant le champ de bataille en emportant une t\u00eate (peut-\u00eatre celle de Yoshinaka, \u00e0 moins que ce fut celle d&#8217;un ennemi).<\/p>\n\n\n\n<p>Certaines versions pr\u00e9tendent qu&#8217;elle se jeta dans l&#8217;oc\u00e9an avec la t\u00eate, alors d&#8217;autres la font survivre et devenir religieuse bouddhiste voire qu&#8217;elle se serait remari\u00e9e et eut un enfant Asahina Yoshimori qui fut consid\u00e9r\u00e9 plus tard comme le plus grand guerrier de l&#8217;\u00e8re Kamakura.<\/p>\n\n\n\n<div class=\"wp-block-image\"><figure class=\"aligncenter is-resized\"><img decoding=\"async\" loading=\"lazy\" src=\"https:\/\/web.archive.org\/web\/20181214191821im_\/http:\/\/www.nagibel.be\/uploads\/images\/historique\/wwj01.jpg\" alt=\"\" width=\"263\" height=\"387\"\/><\/figure><\/div>\n\n\n\n<div class=\"wp-block-image\"><figure class=\"alignright is-resized\"><img decoding=\"async\" loading=\"lazy\" src=\"https:\/\/media.taringa.net\/knn\/identity\/aHR0cHM6Ly9rNjAua24zLm5ldC90YXJpbmdhLzIvRS85LzIvNS9BL3N1cGVybWFjaG90ZTIvMzQ1LmpwZw\" alt=\"\" width=\"224\" height=\"338\"\/><\/figure><\/div>\n\n\n\n<p>Plusieurs pi\u00e8ces de th\u00e9\u00e2tre N\u00f4 sont consacr\u00e9es \u00e0 sa vie. Tomoe Gozen est souvent repr\u00e9sent\u00e9e au Jidai Matsuri de Ky\u00f4to le 22 octobre.<\/p>\n\n\n\n<p>Jessica Amanda Salmonson a \u00e9crit une saga de 3 volumes de Gozen: Tomoe Gozen, La Naginata Dor\u00e9 (The Golden Naginata), et le Guerrier de Mille Sanctuaires (Thousand-Shrine Warrior).<\/p>\n\n\n","protected":false},"excerpt":{"rendered":"<p>Tomoe Gozen (1161?-1184 ou 1247?) est l&#8217;une des rares femmes samoura\u00ef de toute l&#8217;histoire du Japon. Tout comme Benkei, sa vie a \u00e9t\u00e9 \u00e0 tel point utilis\u00e9e et distordue dans les l\u00e9gendes populaires qu&#8217;il est aujourd&#8217;hui impossible de distinguer la <a class=\"more-link\" href=\"http:\/\/nagibel.com\/index.php\/tomoe-gozen-2\/\">Continue reading <span class=\"screen-reader-text\">  Tomoe Gozen<\/span><span class=\"meta-nav\">&rarr;<\/span><\/a><\/p>\n","protected":false},"author":1,"featured_media":0,"parent":0,"menu_order":0,"comment_status":"closed","ping_status":"closed","template":"","meta":[],"_links":{"self":[{"href":"http:\/\/nagibel.com\/index.php\/wp-json\/wp\/v2\/pages\/1128"}],"collection":[{"href":"http:\/\/nagibel.com\/index.php\/wp-json\/wp\/v2\/pages"}],"about":[{"href":"http:\/\/nagibel.com\/index.php\/wp-json\/wp\/v2\/types\/page"}],"author":[{"embeddable":true,"href":"http:\/\/nagibel.com\/index.php\/wp-json\/wp\/v2\/users\/1"}],"replies":[{"embeddable":true,"href":"http:\/\/nagibel.com\/index.php\/wp-json\/wp\/v2\/comments?post=1128"}],"version-history":[{"count":2,"href":"http:\/\/nagibel.com\/index.php\/wp-json\/wp\/v2\/pages\/1128\/revisions"}],"predecessor-version":[{"id":1130,"href":"http:\/\/nagibel.com\/index.php\/wp-json\/wp\/v2\/pages\/1128\/revisions\/1130"}],"wp:attachment":[{"href":"http:\/\/nagibel.com\/index.php\/wp-json\/wp\/v2\/media?parent=1128"}],"curies":[{"name":"wp","href":"https:\/\/api.w.org\/{rel}","templated":true}]}}