{"id":1081,"date":"2021-06-06T12:48:50","date_gmt":"2021-06-06T10:48:50","guid":{"rendered":"http:\/\/nagibel.com\/?page_id=1081"},"modified":"2021-06-06T13:13:58","modified_gmt":"2021-06-06T11:13:58","slug":"championnat-dallemagne-2016","status":"publish","type":"page","link":"http:\/\/nagibel.com\/index.php\/championnat-dallemagne-2016\/","title":{"rendered":"Championnat d&#8217;Allemagne (2016)"},"content":{"rendered":"\n<p>David, Fran\u00e7ois et Laurence sont all\u00e9s arbitrer les championnats d&#8217;Allemagne 2016 \u00e0 Mainz.<\/p>\n\n\n\n<figure class=\"wp-block-image\"><img decoding=\"async\" src=\"https:\/\/web.archive.org\/web\/20181214191518im_\/http:\/\/www.nagibel.be\/uploads\/images\/stages\/all2016.jpg\" alt=\"\"\/><\/figure>\n","protected":false},"excerpt":{"rendered":"<p>David, Fran\u00e7ois et Laurence sont all\u00e9s arbitrer les championnats d&#8217;Allemagne 2016 \u00e0 Mainz.<\/p>\n","protected":false},"author":1,"featured_media":0,"parent":0,"menu_order":0,"comment_status":"closed","ping_status":"closed","template":"","meta":[],"_links":{"self":[{"href":"http:\/\/nagibel.com\/index.php\/wp-json\/wp\/v2\/pages\/1081"}],"collection":[{"href":"http:\/\/nagibel.com\/index.php\/wp-json\/wp\/v2\/pages"}],"about":[{"href":"http:\/\/nagibel.com\/index.php\/wp-json\/wp\/v2\/types\/page"}],"author":[{"embeddable":true,"href":"http:\/\/nagibel.com\/index.php\/wp-json\/wp\/v2\/users\/1"}],"replies":[{"embeddable":true,"href":"http:\/\/nagibel.com\/index.php\/wp-json\/wp\/v2\/comments?post=1081"}],"version-history":[{"count":2,"href":"http:\/\/nagibel.com\/index.php\/wp-json\/wp\/v2\/pages\/1081\/revisions"}],"predecessor-version":[{"id":1094,"href":"http:\/\/nagibel.com\/index.php\/wp-json\/wp\/v2\/pages\/1081\/revisions\/1094"}],"wp:attachment":[{"href":"http:\/\/nagibel.com\/index.php\/wp-json\/wp\/v2\/media?parent=1081"}],"curies":[{"name":"wp","href":"https:\/\/api.w.org\/{rel}","templated":true}]}}