{"id":1072,"date":"2021-06-06T12:40:57","date_gmt":"2021-06-06T10:40:57","guid":{"rendered":"http:\/\/nagibel.com\/?page_id=1072"},"modified":"2021-06-06T12:40:57","modified_gmt":"2021-06-06T10:40:57","slug":"inf-2017","status":"publish","type":"page","link":"http:\/\/nagibel.com\/index.php\/inf-2017\/","title":{"rendered":"INF (2017)"},"content":{"rendered":"\n<p>Du 14 au16 juillet 2017 avait lieu le stage INF \u00e0 Mainz (Allemagne).<\/p>\n\n\n\n<p>David, Yolanda, Tyl, Armen, Miguel, Marianne et Laurence ont r\u00e9pondu pr\u00e9sent durant ce stage international.<\/p>\n\n\n\n<p>C&#8217;\u00e9tait le 1er stage international pour Armen et Miguel qui ont pu d\u00e9couvrir d&#8217;autres techniques d&#8217;apprentissages et l&#8217;occasion pour Marianne de passer son 1er Dan avec succ\u00e8s.<\/p>\n\n\n\n<figure class=\"wp-block-image\"><img decoding=\"async\" src=\"https:\/\/web.archive.org\/web\/20181214191630im_\/http:\/\/www.nagibel.be\/uploads\/images\/stages\/INF2017.jpg\" alt=\"\"\/><\/figure>\n","protected":false},"excerpt":{"rendered":"<p>Du 14 au16 juillet 2017 avait lieu le stage INF \u00e0 Mainz (Allemagne). David, Yolanda, Tyl, Armen, Miguel, Marianne et Laurence ont r\u00e9pondu pr\u00e9sent durant ce stage international. C&#8217;\u00e9tait le 1er stage international pour Armen et Miguel qui ont pu <a class=\"more-link\" href=\"http:\/\/nagibel.com\/index.php\/inf-2017\/\">Continue reading <span class=\"screen-reader-text\">  INF (2017)<\/span><span class=\"meta-nav\">&rarr;<\/span><\/a><\/p>\n","protected":false},"author":1,"featured_media":0,"parent":0,"menu_order":0,"comment_status":"closed","ping_status":"closed","template":"","meta":[],"_links":{"self":[{"href":"http:\/\/nagibel.com\/index.php\/wp-json\/wp\/v2\/pages\/1072"}],"collection":[{"href":"http:\/\/nagibel.com\/index.php\/wp-json\/wp\/v2\/pages"}],"about":[{"href":"http:\/\/nagibel.com\/index.php\/wp-json\/wp\/v2\/types\/page"}],"author":[{"embeddable":true,"href":"http:\/\/nagibel.com\/index.php\/wp-json\/wp\/v2\/users\/1"}],"replies":[{"embeddable":true,"href":"http:\/\/nagibel.com\/index.php\/wp-json\/wp\/v2\/comments?post=1072"}],"version-history":[{"count":1,"href":"http:\/\/nagibel.com\/index.php\/wp-json\/wp\/v2\/pages\/1072\/revisions"}],"predecessor-version":[{"id":1073,"href":"http:\/\/nagibel.com\/index.php\/wp-json\/wp\/v2\/pages\/1072\/revisions\/1073"}],"wp:attachment":[{"href":"http:\/\/nagibel.com\/index.php\/wp-json\/wp\/v2\/media?parent=1072"}],"curies":[{"name":"wp","href":"https:\/\/api.w.org\/{rel}","templated":true}]}}