{"id":1064,"date":"2021-06-06T12:33:38","date_gmt":"2021-06-06T10:33:38","guid":{"rendered":"http:\/\/nagibel.com\/?page_id=1064"},"modified":"2021-06-06T12:33:38","modified_gmt":"2021-06-06T10:33:38","slug":"le-1er-stage-de-marianne-2012","status":"publish","type":"page","link":"http:\/\/nagibel.com\/index.php\/le-1er-stage-de-marianne-2012\/","title":{"rendered":"Le 1er stage de Marianne (2012)"},"content":{"rendered":"\n<p>Les stages sont toujours grandement attendus: c&#8217;est l&#8217;occasion de faire du naginata intensivement bien-s\u00fbr, mais c&#8217;est surtout l&#8217;opportunit\u00e9 de voir et revoir, nos amis naginataka \u00e0 travers le monde.<\/p>\n\n\n\n<p>Cette fois, c&#8217;\u00e9tait aux Pays Bas que tout le monde se r\u00e9unissait.<\/p>\n\n\n\n<p>Pour Marianne et Yolanda, c&#8217;\u00e9tait aussi un des tous premiers stages auquel elles participaient.<\/p>\n\n\n\n<p>&#8220;J&#8217;ai eu la chance de participer au stage de naginata au pays-Bas avec Sense\u00ef Narita.<\/p>\n\n\n\n<p>La campagne de Zeelande a l&#8217;air superbe, mais, malgr\u00e9 le beau temps, nous n&#8217;en avons gu\u00e8re profit\u00e9!<\/p>\n\n\n\n<p>Nous n&#8217;\u00e9tions pas tr\u00e8s nombreux. Sense\u00ef Narita s&#8217;est occup\u00e9e surtout des grad\u00e9s plus avanc\u00e9s, dont je ne suis pas.<\/p>\n\n\n\n<p>J&#8217;ai exerc\u00e9 &#8220;sportivement&#8221; (\u00e0 un rythme d&#8217;enfer) uchi kaichi pendant deux heures d&#8217;affil\u00e9e.<\/p>\n\n\n\n<p>J&#8217;ai ensuite regard\u00e9 une succession de petits &#8220;combats&#8221; de nos hauts grad\u00e9s contre Sense\u00ef Narita. Un r\u00e9gal. Ce qu&#8217;elle a fait a l&#8217;air tellement simple, tellement \u00e9vident qu&#8217;on se demande pourquoi on ne le fait pas tous comme \u00e7a! Mais c&#8217;\u00e9tait du grand art bien s\u00fbr. Malgr\u00e9 la chaleur elle a quitt\u00e9 son armure apr\u00e8s une demi-heure sans avoir l&#8217;air trop fatigu\u00e9e.<\/p>\n\n\n\n<p>Une heure plus tard nous la retrouvions au repas fra\u00eeche et repos\u00e9e. J&#8217;ai eu la chance d&#8217;\u00eatre assise pr\u00e8s d&#8217;elle \u00e0 table. J&#8217;ai d\u00e9couvert une femme disponible, ouverte, gaie et dr\u00f4le. Elle avait bien s\u00fbr avec elle un sac rempli de petits cadeaux&#8230;. Elle nous a montr\u00e9 ses photos dans son appareil: sa famille, ses \u00e9tudiants. Je n&#8217;h\u00e9siterai pas de refaire des stages avec elle!&#8221;<\/p>\n\n\n\n<p>Marianne<\/p>\n","protected":false},"excerpt":{"rendered":"<p>Les stages sont toujours grandement attendus: c&#8217;est l&#8217;occasion de faire du naginata intensivement bien-s\u00fbr, mais c&#8217;est surtout l&#8217;opportunit\u00e9 de voir et revoir, nos amis naginataka \u00e0 travers le monde. Cette fois, c&#8217;\u00e9tait aux Pays Bas que tout le monde se <a class=\"more-link\" href=\"http:\/\/nagibel.com\/index.php\/le-1er-stage-de-marianne-2012\/\">Continue reading <span class=\"screen-reader-text\">  Le 1er stage de Marianne (2012)<\/span><span class=\"meta-nav\">&rarr;<\/span><\/a><\/p>\n","protected":false},"author":1,"featured_media":0,"parent":0,"menu_order":0,"comment_status":"closed","ping_status":"closed","template":"","meta":[],"_links":{"self":[{"href":"http:\/\/nagibel.com\/index.php\/wp-json\/wp\/v2\/pages\/1064"}],"collection":[{"href":"http:\/\/nagibel.com\/index.php\/wp-json\/wp\/v2\/pages"}],"about":[{"href":"http:\/\/nagibel.com\/index.php\/wp-json\/wp\/v2\/types\/page"}],"author":[{"embeddable":true,"href":"http:\/\/nagibel.com\/index.php\/wp-json\/wp\/v2\/users\/1"}],"replies":[{"embeddable":true,"href":"http:\/\/nagibel.com\/index.php\/wp-json\/wp\/v2\/comments?post=1064"}],"version-history":[{"count":1,"href":"http:\/\/nagibel.com\/index.php\/wp-json\/wp\/v2\/pages\/1064\/revisions"}],"predecessor-version":[{"id":1065,"href":"http:\/\/nagibel.com\/index.php\/wp-json\/wp\/v2\/pages\/1064\/revisions\/1065"}],"wp:attachment":[{"href":"http:\/\/nagibel.com\/index.php\/wp-json\/wp\/v2\/media?parent=1064"}],"curies":[{"name":"wp","href":"https:\/\/api.w.org\/{rel}","templated":true}]}}