{"id":1062,"date":"2021-06-06T12:31:48","date_gmt":"2021-06-06T10:31:48","guid":{"rendered":"http:\/\/nagibel.com\/?page_id=1062"},"modified":"2021-06-06T12:31:48","modified_gmt":"2021-06-06T10:31:48","slug":"enf-2011","status":"publish","type":"page","link":"http:\/\/nagibel.com\/index.php\/enf-2011\/","title":{"rendered":"ENF (2011)"},"content":{"rendered":"\n<p>Le 5 et 6 novembre \u00e0 eut lieu \u00e0 Bruxelles un stage ENF anim\u00e9 par M. Dechamps et C. Hamot (toutes deux Renshi)<\/p>\n\n\n\n<figure class=\"wp-block-image\"><img decoding=\"async\" src=\"https:\/\/web.archive.org\/web\/20181214191613im_\/http:\/\/www.nagibel.be\/uploads\/images\/stages\/DSC01687.JPG\" alt=\"\"\/><\/figure>\n\n\n\n<figure class=\"wp-block-image\"><img decoding=\"async\" src=\"https:\/\/web.archive.org\/web\/20181214191613im_\/http:\/\/www.nagibel.be\/uploads\/images\/stages\/DSC01785.JPG\" alt=\"\"\/><\/figure>\n\n\n\n<figure class=\"wp-block-image\"><img decoding=\"async\" src=\"https:\/\/web.archive.org\/web\/20181214191613im_\/http:\/\/www.nagibel.be\/uploads\/images\/stages\/DSC01781.JPG\" alt=\"\"\/><\/figure>\n","protected":false},"excerpt":{"rendered":"<p>Le 5 et 6 novembre \u00e0 eut lieu \u00e0 Bruxelles un stage ENF anim\u00e9 par M. Dechamps et C. Hamot (toutes deux Renshi)<\/p>\n","protected":false},"author":1,"featured_media":0,"parent":0,"menu_order":0,"comment_status":"closed","ping_status":"closed","template":"","meta":[],"_links":{"self":[{"href":"http:\/\/nagibel.com\/index.php\/wp-json\/wp\/v2\/pages\/1062"}],"collection":[{"href":"http:\/\/nagibel.com\/index.php\/wp-json\/wp\/v2\/pages"}],"about":[{"href":"http:\/\/nagibel.com\/index.php\/wp-json\/wp\/v2\/types\/page"}],"author":[{"embeddable":true,"href":"http:\/\/nagibel.com\/index.php\/wp-json\/wp\/v2\/users\/1"}],"replies":[{"embeddable":true,"href":"http:\/\/nagibel.com\/index.php\/wp-json\/wp\/v2\/comments?post=1062"}],"version-history":[{"count":1,"href":"http:\/\/nagibel.com\/index.php\/wp-json\/wp\/v2\/pages\/1062\/revisions"}],"predecessor-version":[{"id":1063,"href":"http:\/\/nagibel.com\/index.php\/wp-json\/wp\/v2\/pages\/1062\/revisions\/1063"}],"wp:attachment":[{"href":"http:\/\/nagibel.com\/index.php\/wp-json\/wp\/v2\/media?parent=1062"}],"curies":[{"name":"wp","href":"https:\/\/api.w.org\/{rel}","templated":true}]}}