{"id":1058,"date":"2021-06-06T12:30:17","date_gmt":"2021-06-06T10:30:17","guid":{"rendered":"http:\/\/nagibel.com\/?page_id=1058"},"modified":"2021-06-06T12:30:17","modified_gmt":"2021-06-06T10:30:17","slug":"inf-2004","status":"publish","type":"page","link":"http:\/\/nagibel.com\/index.php\/inf-2004\/","title":{"rendered":"INF (2004)"},"content":{"rendered":"\n<p>Quelle joie de revoir tant de visages familiers, venant des 4 coins du monde pour ce stage INF. <\/p>\n\n\n\n<div class=\"wp-block-image\"><figure class=\"alignright is-resized\"><img decoding=\"async\" loading=\"lazy\" src=\"https:\/\/web.archive.org\/web\/20181214190051im_\/http:\/\/www.nagibel.be\/uploads\/images\/stages\/affiche.jpg\" alt=\"\" width=\"190\" height=\"253\"\/><\/figure><\/div>\n\n\n\n<p>Et quelle chance de voir de nouveaux venus. Nous avons tout fait pour que la Belgique puisse \u00eatre fi\u00e8re de cet \u00e9v\u00e8nement, et je crois que l\u2019objectif est atteint.<br>Contraint d\u2019abandonner nos habitudes au Centre Sportif de la For\u00eat de Soignes, faute de place, nous avons d\u00e9couvert la qualit\u00e9 des installations du Blocry de Louvain-la-Neuve. Pas moins de 100 participants de Belgique, France, Pays-Bas, Su\u00e8de, Tch\u00e9quie, Canada, USA, Nouvelle-Z\u00e9lande, Japon, Allemagne et Royaumes-Unis ont pratiqu\u00e9 sous la guidance de Mme Kimura, Mme Tamaki, Mme Tomobe, Mme Yoshida, Mme Satoh, Mme Nakano, Msieur Ebisawa , Mme Hamot et Mme Deschamps. En tant que vice-pr\u00e9sident de l\u2019INF, Monsieur Kondo ouvrit le stage par quelques mots d\u2019introduction et c\u2019est par le Kihon les Shikake-Oodji que le stage commen\u00e7a.<\/p>\n\n\n\n<p>Le nombre de pratiquants ne permit pas toujours de partager la m\u00eame salle, c\u2019est pourquoi nos organisateurs durent jongler avec les salles disponibles pour r\u00e9partir les groupes dans celles-ci. Heureusement personne ne s\u2019est perdu\u00a0! Les premi\u00e8res heures d\u2019entra\u00eenements furent l\u2019occasion de faire connaissance, jusqu\u2019au souper.<\/p>\n\n\n\n<p><br>Apr\u00e8s un repas bien m\u00e9rit\u00e9 nous nous sommes retrouv\u00e9s dans la grande salle du Centre Sportif pour des cours et un entra\u00eenement libre jusqu&#8217;\u00e0 22h30. Quel grand moment que de voir cette splendide salle remplie de pratiquants. Monsieur Bennett prouva \u00e0 nos \u00e9l\u00e8ves que, malgr\u00e9 sa d\u00e9faite aux championnats du monde, il ne manquait pas de ressources, et madame Hashimoto, pr\u00e9sidente de l\u2019INF nous remplis de fiert\u00e9 par son assiduit\u00e9 \u00e0 pratiquer avec nous.<\/p>\n\n\n\n<p>La nuit fut courte et le samedi matin la pratique des Zen Nihon Katas rythma l\u2019entra\u00eenements des plus avanc\u00e9s, tandis que Shikake_Oodji et Kakari geiko animaient les autres groupes. La matin\u00e9e fut \u00e9galement ponctu\u00e9e de Gi-geiko, car la diversit\u00e9 des pratiques est toujours enrichissante lors de telles rencontres. La tension monta d\u2019un cran \u00e0 13h30 pour les candidats aux examens Dan pr\u00e9sentant d\u2019abord l\u2019\u00e9preuve \u00e9crite sous la guidance de Madame Tamaki. Apr\u00e8s celle-ci, retour \u00e0 l\u2019entra\u00eenement pour de bons Gi-geiko, mais aussi des pr\u00e9parations pour les examens du lendemain.<\/p>\n\n\n\n<p><br>Les cours s\u2019achev\u00e8rent aux alentours de 18h apr\u00e8s 7h de pratique. Mais la journ\u00e9e \u00e9tait loin de se terminer, la Sayonara party cl\u00f4tura le samedi \u00e0 l\u2019h\u00f4tel Mercure o\u00f9 logeaient les senseis. C\u2019est toujours excellent de partager un repas avec des pratiquants de naginata qui au fil des ann\u00e9es deviennent des amis. Le buffet \u00e9tait excellent et les musiciens parfaits. La surprise de la soir\u00e9e fut assur\u00e9ment offerte par un sketch de Mr Ebisawa, Hiromi et Rachel qui nous expliqu\u00e8rent enfin les origines myst\u00e9rieuses du Naginata&nbsp;!<\/p>\n\n\n\n<p><br>Les \u00e9changes de cadeaux et d\u2019opinion cess\u00e8rent lorsque la fatigue du stage pesa sur chacun, et tous rejoignirent Morph\u00e9e pour un repos bien m\u00e9rit\u00e9.<\/p>\n\n\n\n<p><br>Le dernier jour du stage ne fut pas le moins stressant pour un bon tiers des pratiquants qui pass\u00e8rent tout l\u2019apr\u00e8s midi \u00e0 pr\u00e9senter un grade durement pr\u00e9par\u00e9. F\u00e9licitations \u00e0 tous les laur\u00e9ats. Le stage se cl\u00f4tura par quelques conseils de Madame Kimura et une photo de groupe. Merci \u00e0 tous d\u2019\u00eatre venu.<\/p>\n\n\n\n<p>Nous ressortons tous avec l&#8217;\u00e2me d&#8217;un \u00e9cureuil qui a fait ses provisions de choses \u00e0 grignoter pour les mois \u00e0 venir, pour paraphraser Fabienne.<\/p>\n\n\n\n<figure class=\"wp-block-image\"><img decoding=\"async\" src=\"https:\/\/web.archive.org\/web\/20181214190051im_\/http:\/\/www.nagibel.be\/uploads\/images\/stages\/def04.jpg\" alt=\"\"\/><\/figure>\n","protected":false},"excerpt":{"rendered":"<p>Quelle joie de revoir tant de visages familiers, venant des 4 coins du monde pour ce stage INF. Et quelle chance de voir de nouveaux venus. Nous avons tout fait pour que la Belgique puisse \u00eatre fi\u00e8re de cet \u00e9v\u00e8nement, <a class=\"more-link\" href=\"http:\/\/nagibel.com\/index.php\/inf-2004\/\">Continue reading <span class=\"screen-reader-text\">  INF (2004)<\/span><span class=\"meta-nav\">&rarr;<\/span><\/a><\/p>\n","protected":false},"author":1,"featured_media":0,"parent":0,"menu_order":0,"comment_status":"closed","ping_status":"closed","template":"","meta":[],"_links":{"self":[{"href":"http:\/\/nagibel.com\/index.php\/wp-json\/wp\/v2\/pages\/1058"}],"collection":[{"href":"http:\/\/nagibel.com\/index.php\/wp-json\/wp\/v2\/pages"}],"about":[{"href":"http:\/\/nagibel.com\/index.php\/wp-json\/wp\/v2\/types\/page"}],"author":[{"embeddable":true,"href":"http:\/\/nagibel.com\/index.php\/wp-json\/wp\/v2\/users\/1"}],"replies":[{"embeddable":true,"href":"http:\/\/nagibel.com\/index.php\/wp-json\/wp\/v2\/comments?post=1058"}],"version-history":[{"count":1,"href":"http:\/\/nagibel.com\/index.php\/wp-json\/wp\/v2\/pages\/1058\/revisions"}],"predecessor-version":[{"id":1060,"href":"http:\/\/nagibel.com\/index.php\/wp-json\/wp\/v2\/pages\/1058\/revisions\/1060"}],"wp:attachment":[{"href":"http:\/\/nagibel.com\/index.php\/wp-json\/wp\/v2\/media?parent=1058"}],"curies":[{"name":"wp","href":"https:\/\/api.w.org\/{rel}","templated":true}]}}