{"id":1056,"date":"2021-06-06T12:21:30","date_gmt":"2021-06-06T10:21:30","guid":{"rendered":"http:\/\/nagibel.com\/?page_id=1056"},"modified":"2021-06-06T12:21:30","modified_gmt":"2021-06-06T10:21:30","slug":"australie-2006","status":"publish","type":"page","link":"http:\/\/nagibel.com\/index.php\/australie-2006\/","title":{"rendered":"Australie (2006)"},"content":{"rendered":"\n<p>Par le biais de mon travail j\u2019ai eut la chance de d\u00e9couvrir la superbe ville de Sydney.<\/p>\n\n\n\n<div class=\"wp-block-image\"><figure class=\"alignleft is-resized\"><img decoding=\"async\" loading=\"lazy\" src=\"https:\/\/web.archive.org\/web\/20181214184837im_\/http:\/\/www.nagibel.be\/uploads\/images\/stages\/circular_quay020.jpg\" alt=\"\" width=\"288\" height=\"216\"\/><\/figure><\/div>\n\n\n\n<p>J\u2019ai saisi cette opportunit\u00e9 pour rendre une petite visite au club de naginata local!<\/p>\n\n\n\n<p>Tout d\u2019abord, un petit mot sur la ville. C\u2019est un peu un m\u00e9lange entre San Fransisco et Londres.<\/p>\n\n\n\n<p>En effet il r\u00e8gne une ambiance anglaise dans cette ville, balay\u00e9e par les vents marins comptant plus de 3 millions d\u2019habitants. C\u2019est un endroit \u00e9tonnant, tant\u00f4t aux allures de Manhattan tant\u00f4t aux odeurs de bi\u00e8res des pubs qui foisonnent un peu partout.<\/p>\n\n\n\n<div class=\"wp-block-image\"><figure class=\"alignright is-resized\"><img decoding=\"async\" loading=\"lazy\" src=\"https:\/\/web.archive.org\/web\/20181214184837im_\/http:\/\/www.nagibel.be\/uploads\/images\/stages\/circular_quay021.jpg\" alt=\"\" width=\"146\" height=\"109\"\/><\/figure><\/div>\n\n\n\n<p>J\u2019ai pass\u00e9 un petit week end \u00e0 vagabonder dans cette impressionnante m\u00e9tropole dont l\u2019op\u00e9ra l\u2019identifie plus que tout autre chose, aux yeux du monde.<\/p>\n\n\n\n<p><\/p>\n\n\n\n<p>Parmis les visites je ne pouvais pas rater le superbe jardin chinois et le jardin botanique. La faune et la flore de l\u2019Australie sont surprenantes, entre les orchid\u00e9es et les chauves souris j\u2019en ai eut un autre aper\u00e7u au travers de l\u2019aquarium o\u00f9 les requins blancs, les crocodiles et les ornithorynques rivalisent d\u2019originalit\u00e9s pour nous surprendre. Pas vu de kangourou ou de koala mais, j\u2019ai trouv\u00e9 N\u00e9mo\u00a0!<\/p>\n\n\n\n<p>Pour en revenir au Naginata c\u2019est avec beaucoup de gentillesse que Daniel et son \u00e9pouse m\u2019ont accueilli \u00e0 leurs entra\u00eenements hebdomadaires.<\/p>\n\n\n\n<p>Daniel a v\u00e9cu pr\u00e9s de 17 ans au Japon, et c\u2019est de cette p\u00e9riode qu\u2019il a d\u00e9couvert le Naginata et l\u2019a \u00e9tudi\u00e9 aupr\u00e8s de plusieurs senseis. Lui et son \u00e9pouse sont maintenant 5\u00e8me dan mais malheureusement souffrent d\u2019un probl\u00e8me d\u2019eutharcie dans leur pratique, c\u2019est un probl\u00e8me courant en Australie, vu que l\u2019endroit est loin de tous les autres pays. C\u2019est pourquoi ils \u00e9taient ravis de voir d\u00e9barquer un petit belge \u00e0 leur cours. Ils poss\u00e8dent un superbe petit dojo am\u00e9nag\u00e9 au sein de leur propre maison.<\/p>\n\n\n\n<figure class=\"wp-block-image\"><img decoding=\"async\" src=\"https:\/\/web.archive.org\/web\/20181214184837im_\/http:\/\/www.nagibel.be\/uploads\/images\/stages\/naginata021.jpg\" alt=\"\"\/><\/figure>\n\n\n\n<p>Nous avons \u00e9chang\u00e9 beaucoup d\u2019id\u00e9es et d\u2019impressions sur le naginata. J\u2019ai revu les deux combattants des championnats du monde, dont le m\u00e9rite m\u2019appara\u00eet d\u2019autant plus grand qu\u2019ils sont pratiquement les seules \u00e9l\u00e8ves du club (en dehors de quelques nouveaux).<\/p>\n\n\n\n<p>Ils ont promis de venir \u00e0 Bruxelles en 2007, tant pour le Naginata que pour la bi\u00e8re&nbsp;! Il semble que l\u2019image f\u00e9minine du naginata soit fortement encr\u00e9e dans l\u2019esprit des australiens et son d\u00e9veloppement en souffre. Mais Daniel ne perd pas espoir de d\u00e9velopper davantage la pratique du naginata et je lui ai d\u00e9j\u00e0 sugg\u00e9rer d\u2019organiser les championnats du monde de 2011\u2026 qu\u2019en dites vous&nbsp;?!<\/p>\n\n\n\n<p>Voil\u00e0, apr\u00e8s 2 entra\u00eenements et 8 jours pass\u00e9 au pays des aborig\u00e8nes j\u2019ai chang\u00e9 de saison et remont\u00e9 le temps de 8 heures pour vous livrer ces quelques propos.<\/p>\n\n\n\n<div class=\"wp-block-image\"><figure class=\"aligncenter is-resized\"><img decoding=\"async\" loading=\"lazy\" src=\"https:\/\/web.archive.org\/web\/20181214184837im_\/http:\/\/www.nagibel.be\/uploads\/images\/stages\/naginata017.jpg\" alt=\"\" width=\"356\" height=\"267\"\/><\/figure><\/div>\n\n\n\n<p>Le monde du naginata est plus grand qu\u2019on ne pourrait le croire&nbsp;en fin de compte!<\/p>\n\n\n\n<p>David<\/p>\n","protected":false},"excerpt":{"rendered":"<p>Par le biais de mon travail j\u2019ai eut la chance de d\u00e9couvrir la superbe ville de Sydney. J\u2019ai saisi cette opportunit\u00e9 pour rendre une petite visite au club de naginata local! Tout d\u2019abord, un petit mot sur la ville. C\u2019est <a class=\"more-link\" href=\"http:\/\/nagibel.com\/index.php\/australie-2006\/\">Continue reading <span class=\"screen-reader-text\">  Australie (2006)<\/span><span class=\"meta-nav\">&rarr;<\/span><\/a><\/p>\n","protected":false},"author":1,"featured_media":0,"parent":0,"menu_order":0,"comment_status":"closed","ping_status":"closed","template":"","meta":[],"_links":{"self":[{"href":"http:\/\/nagibel.com\/index.php\/wp-json\/wp\/v2\/pages\/1056"}],"collection":[{"href":"http:\/\/nagibel.com\/index.php\/wp-json\/wp\/v2\/pages"}],"about":[{"href":"http:\/\/nagibel.com\/index.php\/wp-json\/wp\/v2\/types\/page"}],"author":[{"embeddable":true,"href":"http:\/\/nagibel.com\/index.php\/wp-json\/wp\/v2\/users\/1"}],"replies":[{"embeddable":true,"href":"http:\/\/nagibel.com\/index.php\/wp-json\/wp\/v2\/comments?post=1056"}],"version-history":[{"count":1,"href":"http:\/\/nagibel.com\/index.php\/wp-json\/wp\/v2\/pages\/1056\/revisions"}],"predecessor-version":[{"id":1057,"href":"http:\/\/nagibel.com\/index.php\/wp-json\/wp\/v2\/pages\/1056\/revisions\/1057"}],"wp:attachment":[{"href":"http:\/\/nagibel.com\/index.php\/wp-json\/wp\/v2\/media?parent=1056"}],"curies":[{"name":"wp","href":"https:\/\/api.w.org\/{rel}","templated":true}]}}