{"id":1040,"date":"2021-06-06T12:05:57","date_gmt":"2021-06-06T10:05:57","guid":{"rendered":"http:\/\/nagibel.com\/?page_id=1040"},"modified":"2021-06-06T12:05:57","modified_gmt":"2021-06-06T10:05:57","slug":"plouescat","status":"publish","type":"page","link":"http:\/\/nagibel.com\/index.php\/plouescat\/","title":{"rendered":"Plouescat"},"content":{"rendered":"\n<p>Comment ne pas \u00e9voquer nos merveilleux stages \u00e0 Plouescat?<\/p>\n\n\n\n<figure class=\"wp-block-image\"><img decoding=\"async\" src=\"https:\/\/web.archive.org\/web\/20181214191746im_\/http:\/\/www.nagibel.be\/uploads\/images\/stages\/plouescat1996_03.jpg\" alt=\"\"\/><\/figure>\n\n\n\n<p>C\u2019est au lendemain des Championnats du monde de Tokyo que nous avons d\u00e9couvert cette petite bourgade du Finist\u00e8re, o\u00f9 vivait un grand amateur de la vie et des arts martiaux&nbsp;; Jacques Mercier, qui devint vite Jaco.<\/p>\n\n\n\n<figure class=\"wp-block-image\"><img decoding=\"async\" src=\"https:\/\/web.archive.org\/web\/20181214191746im_\/http:\/\/www.nagibel.be\/uploads\/images\/stages\/photo_5.jpg\" alt=\"\"\/><\/figure>\n\n\n\n<p>C\u2019est avec toutes nos jeunes recrues que nous avons r\u00e9pondus pr\u00e9sent \u00e0 l\u2019invitation de Jaco et de madame Charton pour un petit stage de Naginata aux allures de vacances. Cette exp\u00e9rience se renouvela plusieurs fois, car il y avait toujours des amateurs pour un stage \u00e0 Plouescat.<\/p>\n\n\n\n<figure class=\"wp-block-image\"><img decoding=\"async\" src=\"https:\/\/web.archive.org\/web\/20181214191746im_\/http:\/\/www.nagibel.be\/uploads\/images\/stages\/plouescat1996_02.jpg\" alt=\"\"\/><\/figure>\n\n\n\n<p>En effet, ces s\u00e9jours bretons prenaient des allures de vacances d\u00e8s que nous sortions du dojo et Jaco mettait tellement de c\u0153ur \u00e0 nous accueillir dans le manoir familial. Nos \u00e9l\u00e8ves se rapp\u00e8lent encore avec quelle passion il racontait des histoires li\u00e9es au moyen \u00e2ge\u2026 et son fameux po\u00e8me m\u00e9rovingien, je ne r\u00e9siste pas \u00e0 vous le retranscrire ici (tentative!)<object width=\"425\" height=\"344\"><\/object><\/p>\n\n\n\n<p><br><em>\u00ab&nbsp;Ils \u00e9taient 20000 Cygemonts sur le mont Triplex, Galandar des Gaskols&nbsp;!<\/em><\/p>\n\n\n\n<p><em>Ils attendaient la nuit pour plaqueter le Raz musus des obels p\u00e9trifi\u00e9s \u00e0 grands coups de leurs Stork, en forme de Bichouer traquene\u00e9e bien maous.<\/em><\/p>\n\n\n\n<p><em>Le g\u00e9n\u00e9ral Belbutrine arnach\u00e9 comme un fragon d\u2019ilbinen, et mont\u00e9 sur son bitchpopos. Aaaaah\u2026. belle b\u00eate&nbsp;! Chaque coups de bons harponz \u00e9piait chaque \u00e9clair des gros gouniards des pr\u00eatres, chaque bick\u2026. Paf&nbsp;!!<br>C\u2019est dit \u00e7a&nbsp;:&nbsp;\u00ab&nbsp;AKAE&nbsp;! AKAE&nbsp;!&nbsp;\u00bb scandaient les 20.000 poitrinormes de ces rougnards.<\/em><\/p>\n\n\n\n<p><em>\u00ab&nbsp;MACHAOUE, MACHAOUE&nbsp;! repondait Globerg\u00e9.<\/em><\/p>\n\n\n\n<p><em>Alors j\u2019ai eu peur des sbirs grondant et crachant des torre-merdre de FLEX, et des bons Arts de bubine momol\u2026..<\/em><\/p>\n\n\n\n<p><em>\u00ab&nbsp;Bubine momol&nbsp;\u00bb&nbsp;? Mais ou allez vous chercher tout ca&nbsp;?<\/em><\/p>\n\n\n\n<p><em><br>Le soleil parut exberflouse, chosticot, glapo\u2026 Mais ou etaient donc PASSAGAL\u2026CYGEMON\u2026 les Mermerdres\u2026&nbsp;? Pas un mec tartoun\u2026 Rien qu\u2019un printemps golgobir, des herbes fonfanieres, et des rizotormirs par pleines barbelles. C&#8217;\u00e9tait moisson, \u00e7a!<\/em><\/p>\n\n\n\n<p><em>\u00ab&nbsp;Paysans des Mousterflacks, vous avez avec amour gongulose, disons le, puis-ce que nous sommes maintenant libre, rendu les pontex mal pontex \u00e0 la nature des chachaz.<\/em><\/p>\n\n\n\n<p><em>Nikmuge, Nikmuge<\/em><\/p>\n\n\n\n<p><em>Encore, encore<\/em><\/p>\n\n\n\n<p><em>nikmuge<\/em><\/p>\n\n\n\n<p><em>Ha! Bravo<\/em><\/p>\n\n\n\n<p><em>Mais tout ceci n&#8217;\u00e9tait donc qu&#8217;un r\u00eave?<\/em><\/p>\n","protected":false},"excerpt":{"rendered":"<p>Comment ne pas \u00e9voquer nos merveilleux stages \u00e0 Plouescat? C\u2019est au lendemain des Championnats du monde de Tokyo que nous avons d\u00e9couvert cette petite bourgade du Finist\u00e8re, o\u00f9 vivait un grand amateur de la vie et des arts martiaux&nbsp;; Jacques <a class=\"more-link\" href=\"http:\/\/nagibel.com\/index.php\/plouescat\/\">Continue reading <span class=\"screen-reader-text\">  Plouescat<\/span><span class=\"meta-nav\">&rarr;<\/span><\/a><\/p>\n","protected":false},"author":1,"featured_media":0,"parent":0,"menu_order":0,"comment_status":"closed","ping_status":"closed","template":"","meta":[],"_links":{"self":[{"href":"http:\/\/nagibel.com\/index.php\/wp-json\/wp\/v2\/pages\/1040"}],"collection":[{"href":"http:\/\/nagibel.com\/index.php\/wp-json\/wp\/v2\/pages"}],"about":[{"href":"http:\/\/nagibel.com\/index.php\/wp-json\/wp\/v2\/types\/page"}],"author":[{"embeddable":true,"href":"http:\/\/nagibel.com\/index.php\/wp-json\/wp\/v2\/users\/1"}],"replies":[{"embeddable":true,"href":"http:\/\/nagibel.com\/index.php\/wp-json\/wp\/v2\/comments?post=1040"}],"version-history":[{"count":1,"href":"http:\/\/nagibel.com\/index.php\/wp-json\/wp\/v2\/pages\/1040\/revisions"}],"predecessor-version":[{"id":1041,"href":"http:\/\/nagibel.com\/index.php\/wp-json\/wp\/v2\/pages\/1040\/revisions\/1041"}],"wp:attachment":[{"href":"http:\/\/nagibel.com\/index.php\/wp-json\/wp\/v2\/media?parent=1040"}],"curies":[{"name":"wp","href":"https:\/\/api.w.org\/{rel}","templated":true}]}}