{"id":1038,"date":"2021-06-06T12:02:28","date_gmt":"2021-06-06T10:02:28","guid":{"rendered":"http:\/\/nagibel.com\/?page_id=1038"},"modified":"2021-06-06T12:02:28","modified_gmt":"2021-06-06T10:02:28","slug":"stuttgart","status":"publish","type":"page","link":"http:\/\/nagibel.com\/index.php\/stuttgart\/","title":{"rendered":"Stuttgart"},"content":{"rendered":"\n<div class=\"wp-block-image\"><figure class=\"aligncenter is-resized\"><img decoding=\"async\" loading=\"lazy\" src=\"https:\/\/web.archive.org\/web\/20181214185635im_\/http:\/\/www.nagibel.be\/uploads\/images\/stages\/052.jpg\" alt=\"\" width=\"269\" height=\"359\"\/><\/figure><\/div>\n\n\n\n<p>Trois petits naginateurs partirent pour Stuttgart en cette belle apr\u00e8s midi de septembre.<\/p>\n\n\n\n<p>Il y avait Yves, qui du haut de ses trois m\u00e8tres quatre-vingts avait chopp\u00e9 un rhume. Isa qui, non contente de ne pas louper son cours de math, nous fit un expos\u00e9 int\u00e9ressant sur le chocolat en tablettes, et Dada, rentrant \u00e0 peine d\u2019Australie avait encore des r\u00e9actions bizarres qu\u2019on assimilera au d\u00e9calage horaire.<\/p>\n\n\n\n<figure class=\"wp-block-image is-resized\"><img decoding=\"async\" loading=\"lazy\" src=\"https:\/\/web.archive.org\/web\/20181214185635im_\/http:\/\/www.nagibel.be\/uploads\/images\/stages\/stage all.jpg\" alt=\"\" width=\"554\" height=\"415\"\/><\/figure>\n\n\n\n<p>Bref, ce trio de l\u2019\u00e9trange pris la route de Stuttgart vendredi apr\u00e8s-midi, au volant d\u2019une voiture un peu trop causante \u00e0 leur go\u00fbt. La route fut plus longue que pr\u00e9vue et c\u2019est avec 2 bonnes heures de retard que notre trio trouva l\u2019auberge de leur rendez-vous dans la petite bourgade de Jettenburg. Arrivant en fin de repas les Allemands qui nous attendaient avec impatience, furent ravis de nous voir arriv\u00e9 sain et sauf et surpris de d\u00e9couvrir le naginata au travers du DVD des Championnats du monde 2003.<\/p>\n\n\n\n<p>Apr\u00e8s de br\u00e8ves discussions Yves s\u2019est effondr\u00e9, Isa s\u2019est gliss\u00e9e sous les couvertures et Dada s\u2019est mit \u00e0 compter les moutons car le d\u00e9calage aidant l\u2019insomnie guettait&nbsp;!<\/p>\n\n\n\n<p>Le lendemain, David debout 2 heures avant le r\u00e9veil a un peu emb\u00eat\u00e9 ses deux \u00e9l\u00e8ves en se levant \u00e0 6h du mat. Mais c\u2019est le sourire aux l\u00e8vres que tous trois sommes descendu prendre le petit dej dans une ambiance tr\u00e8s kitsch. Le soleil irradiait d\u00e9j\u00e0 la campagne environnante lorsque nous avons commenc\u00e9 le stage. Le peu de naginatas en notre possession nous obligea \u00e0 scinder le groupe en 2&nbsp;; d\u2019une part les \u00e9l\u00e8ves apprenaient les bases des d\u00e9placements et de l\u2019autre, les premiers mouvement du kihon. Yves et Isa animaient chaque groupe et David circulait entre les deux. Cela peut para\u00eetre peu orthodoxe mais \u00e7a s\u2019est r\u00e9v\u00e8l\u00e9 tr\u00e8s efficace comme m\u00e9thode.<\/p>\n\n\n\n<p>A midi nous avons savour\u00e9 une bonne pizza et en avons profit\u00e9 pour mieux d\u00e9couvrir nos h\u00f4tes. Le sensei organisateur s\u2019app\u00e8le Rolf Sieber et outre le Kendo il est artiste peintre.<\/p>\n\n\n\n<p>Il est tr\u00e8s sympathique et tr\u00e8s curieux de tout ce qu\u2019il d\u00e9couvrait, par nous, dans le naginata. Il y avait outre les \u00e9l\u00e8ves de Rolf, des gens venu de bien loin pour d\u00e9couvrir le naginata. Ainsi Gert et Jordan, avaient fait une longue route pour enfin d\u00e9couvrir le naginata, qu\u2019ils d\u00e9siraient pratiquer depuis plus d\u2019un an&nbsp;! Tout deux sont passionn\u00e9s d\u2019art martiaux et pratiquent le Shinkendo, dont ils nous firent une \u00e9tonnante d\u00e9monstration.<\/p>\n\n\n\n<p>Le soir nous fumes tous invit\u00e9s \u00e0 l\u2019anniversaire d\u2018un des pratiquant, et ensuite nous avons longtemps discut\u00e9 de Naginata et d\u2019arts martiaux. Le lendemain apr\u00e8s une matin\u00e9e intensive de naginata nous avons tout fait pour atteindre Mainz pour enfin rencontrer Franck et saluer les participants des premiers championnats d\u2019Allemagne, mais le trafic nous retarda beaucoup et la f\u00eate \u00e9tait finie depuis longtemps lorsque nous sommes arriv\u00e9s. Malgr\u00e9 notre d\u00e9ception Yves tenta de nous consoler en faisant une petite visite du jardin botanique de l\u2019universit\u00e9 de Mainz. Voil\u00e0 en rentrant nous avons test\u00e9 toutes les commandes vocales de la voiture afin d\u2019occuper les 500000 heures de routes, pour enfin arriver \u00e0 bon port.<\/p>\n\n\n\n<p>Merci Yves pour la conduite, merci Isa pour l\u2019expos\u00e9 et merci l\u2019Allemagne pour son accueil\u2026. Comme dirait l\u2019autre \u2026. I\u2019ll be back&nbsp;!<\/p>\n\n\n\n<figure class=\"wp-block-image is-resized\"><img decoding=\"async\" loading=\"lazy\" src=\"https:\/\/web.archive.org\/web\/20181214185635im_\/http:\/\/www.nagibel.be\/uploads\/images\/stages\/stage allemagne.jpg\" alt=\"\" width=\"555\" height=\"416\"\/><\/figure>\n\n\n\n<p><\/p>\n","protected":false},"excerpt":{"rendered":"<p>Trois petits naginateurs partirent pour Stuttgart en cette belle apr\u00e8s midi de septembre. Il y avait Yves, qui du haut de ses trois m\u00e8tres quatre-vingts avait chopp\u00e9 un rhume. Isa qui, non contente de ne pas louper son cours de <a class=\"more-link\" href=\"http:\/\/nagibel.com\/index.php\/stuttgart\/\">Continue reading <span class=\"screen-reader-text\">  Stuttgart<\/span><span class=\"meta-nav\">&rarr;<\/span><\/a><\/p>\n","protected":false},"author":1,"featured_media":0,"parent":0,"menu_order":0,"comment_status":"closed","ping_status":"closed","template":"","meta":[],"_links":{"self":[{"href":"http:\/\/nagibel.com\/index.php\/wp-json\/wp\/v2\/pages\/1038"}],"collection":[{"href":"http:\/\/nagibel.com\/index.php\/wp-json\/wp\/v2\/pages"}],"about":[{"href":"http:\/\/nagibel.com\/index.php\/wp-json\/wp\/v2\/types\/page"}],"author":[{"embeddable":true,"href":"http:\/\/nagibel.com\/index.php\/wp-json\/wp\/v2\/users\/1"}],"replies":[{"embeddable":true,"href":"http:\/\/nagibel.com\/index.php\/wp-json\/wp\/v2\/comments?post=1038"}],"version-history":[{"count":1,"href":"http:\/\/nagibel.com\/index.php\/wp-json\/wp\/v2\/pages\/1038\/revisions"}],"predecessor-version":[{"id":1039,"href":"http:\/\/nagibel.com\/index.php\/wp-json\/wp\/v2\/pages\/1038\/revisions\/1039"}],"wp:attachment":[{"href":"http:\/\/nagibel.com\/index.php\/wp-json\/wp\/v2\/media?parent=1038"}],"curies":[{"name":"wp","href":"https:\/\/api.w.org\/{rel}","templated":true}]}}