{"id":1020,"date":"2021-06-06T11:19:01","date_gmt":"2021-06-06T09:19:01","guid":{"rendered":"http:\/\/nagibel.com\/?page_id=1020"},"modified":"2021-06-06T11:22:07","modified_gmt":"2021-06-06T09:22:07","slug":"kidokan-2015","status":"publish","type":"page","link":"http:\/\/nagibel.com\/index.php\/kidokan-2015\/","title":{"rendered":"Kidokan (2014)"},"content":{"rendered":"\n<figure class=\"wp-block-image is-resized\"><img decoding=\"async\" loading=\"lazy\" src=\"https:\/\/web.archive.org\/web\/20181214191741im_\/http:\/\/www.nagibel.be\/uploads\/images\/stages\/10150602_286191404877263_4450379145639811626_n.png\" alt=\"\" width=\"88\" height=\"88\"\/><\/figure>\n\n\n\n<p>Nos \u00e9l\u00e8ves Olivier et Marion deviennent professeurs \u00e0 leur tour!<\/p>\n\n\n\n<p>C&#8217;est avec joie que nous observons et soutenons la cr\u00e9ation du club Kido-kan.<\/p>\n\n\n\n<p>Pour le 1er stage du club, Olivier et Marion ont mis les petits plats dans les grands en invitant Chlo\u00e9e Bellec, Hughes Jeangerard, Laurence Dumonceau, Tyl et Fran\u00e7ois Dermine!<\/p>\n\n\n\n<figure class=\"wp-block-image\"><img decoding=\"async\" src=\"https:\/\/web.archive.org\/web\/20181214184842im_\/http:\/\/www.nagibel.be\/uploads\/images\/stages\/stage picardie2014.jpg\" alt=\"\"\/><\/figure>\n","protected":false},"excerpt":{"rendered":"<p>Nos \u00e9l\u00e8ves Olivier et Marion deviennent professeurs \u00e0 leur tour! C&#8217;est avec joie que nous observons et soutenons la cr\u00e9ation du club Kido-kan. Pour le 1er stage du club, Olivier et Marion ont mis les petits plats dans les grands <a class=\"more-link\" href=\"http:\/\/nagibel.com\/index.php\/kidokan-2015\/\">Continue reading <span class=\"screen-reader-text\">  Kidokan (2014)<\/span><span class=\"meta-nav\">&rarr;<\/span><\/a><\/p>\n","protected":false},"author":1,"featured_media":0,"parent":0,"menu_order":0,"comment_status":"closed","ping_status":"closed","template":"","meta":[],"_links":{"self":[{"href":"http:\/\/nagibel.com\/index.php\/wp-json\/wp\/v2\/pages\/1020"}],"collection":[{"href":"http:\/\/nagibel.com\/index.php\/wp-json\/wp\/v2\/pages"}],"about":[{"href":"http:\/\/nagibel.com\/index.php\/wp-json\/wp\/v2\/types\/page"}],"author":[{"embeddable":true,"href":"http:\/\/nagibel.com\/index.php\/wp-json\/wp\/v2\/users\/1"}],"replies":[{"embeddable":true,"href":"http:\/\/nagibel.com\/index.php\/wp-json\/wp\/v2\/comments?post=1020"}],"version-history":[{"count":2,"href":"http:\/\/nagibel.com\/index.php\/wp-json\/wp\/v2\/pages\/1020\/revisions"}],"predecessor-version":[{"id":1025,"href":"http:\/\/nagibel.com\/index.php\/wp-json\/wp\/v2\/pages\/1020\/revisions\/1025"}],"wp:attachment":[{"href":"http:\/\/nagibel.com\/index.php\/wp-json\/wp\/v2\/media?parent=1020"}],"curies":[{"name":"wp","href":"https:\/\/api.w.org\/{rel}","templated":true}]}}