{"id":1015,"date":"2021-06-06T10:25:19","date_gmt":"2021-06-06T08:25:19","guid":{"rendered":"http:\/\/nagibel.com\/?page_id=1015"},"modified":"2021-06-06T10:25:19","modified_gmt":"2021-06-06T08:25:19","slug":"flobecq-2016","status":"publish","type":"page","link":"http:\/\/nagibel.com\/index.php\/flobecq-2016\/","title":{"rendered":"Flobecq (2016)"},"content":{"rendered":"\n<p>Christel Magnier adore les arts martiaux&#8230;elle est donc venue essayer le naginata!<\/p>\n\n\n\n<p>Elle a tellement aim\u00e9 cela qu&#8217;elle esp\u00e8re d\u00e9j\u00e0 ouvrir un cours pour ses \u00e9l\u00e8ves du Judo des Collines.<\/p>\n\n\n\n<p>David, Pascale et Laurence sont all\u00e9s faire une petite d\u00e9monstration du naginata \u00e0 l&#8217;occasion des m\u00e9rites sportif de son club le samedi 21 mai 2016<\/p>\n\n\n\n<div class=\"wp-block-image\"><figure class=\"aligncenter\"><img decoding=\"async\" src=\"https:\/\/association-sportive-flobecq-ellezelles.be\/wp-content\/uploads\/2020\/08\/judo-200x200.jpg\" alt=\"Sports libres \u2013 Association Sportive Flobecq Ellezelles\"\/><\/figure><\/div>\n","protected":false},"excerpt":{"rendered":"<p>Christel Magnier adore les arts martiaux&#8230;elle est donc venue essayer le naginata! Elle a tellement aim\u00e9 cela qu&#8217;elle esp\u00e8re d\u00e9j\u00e0 ouvrir un cours pour ses \u00e9l\u00e8ves du Judo des Collines. David, Pascale et Laurence sont all\u00e9s faire une petite d\u00e9monstration <a class=\"more-link\" href=\"http:\/\/nagibel.com\/index.php\/flobecq-2016\/\">Continue reading <span class=\"screen-reader-text\">  Flobecq (2016)<\/span><span class=\"meta-nav\">&rarr;<\/span><\/a><\/p>\n","protected":false},"author":1,"featured_media":0,"parent":0,"menu_order":0,"comment_status":"closed","ping_status":"closed","template":"","meta":[],"_links":{"self":[{"href":"http:\/\/nagibel.com\/index.php\/wp-json\/wp\/v2\/pages\/1015"}],"collection":[{"href":"http:\/\/nagibel.com\/index.php\/wp-json\/wp\/v2\/pages"}],"about":[{"href":"http:\/\/nagibel.com\/index.php\/wp-json\/wp\/v2\/types\/page"}],"author":[{"embeddable":true,"href":"http:\/\/nagibel.com\/index.php\/wp-json\/wp\/v2\/users\/1"}],"replies":[{"embeddable":true,"href":"http:\/\/nagibel.com\/index.php\/wp-json\/wp\/v2\/comments?post=1015"}],"version-history":[{"count":1,"href":"http:\/\/nagibel.com\/index.php\/wp-json\/wp\/v2\/pages\/1015\/revisions"}],"predecessor-version":[{"id":1016,"href":"http:\/\/nagibel.com\/index.php\/wp-json\/wp\/v2\/pages\/1015\/revisions\/1016"}],"wp:attachment":[{"href":"http:\/\/nagibel.com\/index.php\/wp-json\/wp\/v2\/media?parent=1015"}],"curies":[{"name":"wp","href":"https:\/\/api.w.org\/{rel}","templated":true}]}}